{"id":9977,"date":"2018-07-03T15:19:43","date_gmt":"2018-07-03T13:19:43","guid":{"rendered":"https:\/\/consilab.de\/prestations\/caracteristiques-des-substances-relevant-de-la-securite\/flammpunkt\/"},"modified":"2022-07-11T15:59:06","modified_gmt":"2022-07-11T13:59:06","slug":"point-d-eclair","status":"publish","type":"page","link":"https:\/\/consilab.de\/fr\/prestations\/caracteristiques-des-substances-relevant-de-la-securite\/point-d-eclair\/","title":{"rendered":"Point d\u2019\u00e9clair"},"content":{"rendered":"<p>[vc_row rt_row_background_width=\u00a0\u00bbfullwidth\u00a0\u00bb rt_row_content_width=\u00a0\u00bbdefault\u00a0\u00bb rt_row_style=\u00a0\u00bbdefault-style\u00a0\u00bb rt_row_borders=\u00a0\u00bb\u00a0\u00bb rt_row_shadows=\u00a0\u00bb\u00a0\u00bb rt_row_paddings=\u00a0\u00bbfalse\u00a0\u00bb rt_bg_effect=\u00a0\u00bbclassic\u00a0\u00bb rt_bg_image_repeat=\u00a0\u00bbrepeat\u00a0\u00bb rt_bg_size=\u00a0\u00bbcover\u00a0\u00bb rt_bg_position=\u00a0\u00bbright top\u00a0\u00bb rt_bg_attachment=\u00a0\u00bbscroll\u00a0\u00bb rt_bg_video_format=\u00a0\u00bbself-hosted\u00a0\u00bb][vc_column width=\u00a0\u00bb1\/3&Prime; rt_column_shadow=\u00a0\u00bb\u00a0\u00bb rt_bg_image_repeat=\u00a0\u00bbrepeat\u00a0\u00bb rt_bg_size=\u00a0\u00bbauto auto\u00a0\u00bb rt_bg_attachment=\u00a0\u00bbscroll\u00a0\u00bb class=\u00a0\u00bbdownload\u00a0\u00bb rt_bg_color=\u00a0\u00bb\u00a0\u00bb rt_bg_overlay_color=\u00a0\u00bb\u00a0\u00bb offset=\u00a0\u00bbvc_hidden-sm vc_hidden-xs\u00a0\u00bb css=\u00a0\u00bb.vc_custom_1532421990135{padding-bottom: 0px !important;}\u00a0\u00bb rt_padding_bottom=\u00a0\u00bb0&Prime;][vc_widget_sidebar sidebar_id=\u00a0\u00bbrt-theme-20-common-sidebar\u00a0\u00bb][\/vc_column][vc_column width=\u00a0\u00bb2\/3&Prime; rt_column_shadow=\u00a0\u00bb\u00a0\u00bb rt_bg_image_repeat=\u00a0\u00bbrepeat\u00a0\u00bb rt_bg_size=\u00a0\u00bbauto auto\u00a0\u00bb rt_bg_attachment=\u00a0\u00bbscroll\u00a0\u00bb class=\u00a0\u00bbmaincontent\u00a0\u00bb rt_bg_color=\u00a0\u00bb\u00a0\u00bb rt_bg_overlay_color=\u00a0\u00bb\u00a0\u00bb css=\u00a0\u00bb.vc_custom_1532421960235{margin-bottom: 1em !important;padding-bottom: 0px !important;}\u00a0\u00bb][vc_column_text el_class=\u00a0\u00bbredborderleft\u00a0\u00bb]<\/p>\n<h1>Point d\u2019\u00e9clair<\/h1>\n<p>Pour les consid\u00e9rations d\u2019ordre s\u00e9curitaire, le point d\u2019\u00e9clair est pris en compte en Allemagne depuis plus de 130 ann\u00e9es (1882 : D\u00e9cret sur la vente commerciale et la mise en vente de p\u00e9trole du 24 f\u00e9vrier 1882, journal officiel de l\u2019Empire allemand n\u00b0 7, page 40-41).<\/p>\n<p>\u201cLe point d\u2019\u00e9clair d\u2019un liquide combustible est la temp\u00e9rature la plus basse \u00e0 laquelle, dans un vase clos (\u2026) il se produit \u00e0 partir du liquide \u00e0 tester et dans des conditions d\u00e9termin\u00e9es, une \u00e9mission de vapeur d\u2019une quantit\u00e9 telle qu\u2019il se forme dans le vase un m\u00e9lange vapeur\/air qui est inflammable au contact d\u2019une source d\u2019inflammation.\u201d<\/p>\n<p>Aujourd\u2019hui, le point d\u2019\u00e9clair est un crit\u00e8re d\u00e9terminant pour la classification comme mati\u00e8re dangereuse, notamment en Allemagne en vertu de l\u2019Ordonnance sur <em>la s\u00e9curit\u00e9<\/em> et la sant\u00e9 au travail (BetrSichV).<\/p>\n<p>Les valeurs de points d\u2019\u00e9clair ne constituent pas des propri\u00e9t\u00e9s physico-chimiques constantes de la substance \u00e0 analyser. Elles d\u00e9pendent du dimensionnement du dispositif d\u2019essai, des conditions de son utilisation et du mode op\u00e9ratoire mis en \u0153uvre.<\/p>\n<p>C\u2019est pour cette raison qu\u2019un point d\u2019\u00e9clair n\u2019est valable qu\u2019en r\u00e9f\u00e9rence \u00e0 une norme concern\u00e9e et il n\u2019est pas possible d\u2019\u00e9tablir une corr\u00e9lation valable entre les r\u00e9sultats obtenus avec les diff\u00e9rentes m\u00e9thodes de d\u00e9termination du point d\u2019\u00e9clair ou avec des dispositifs d\u2019essai autres que ceux qui sont sp\u00e9cifi\u00e9s par une norme.<\/p>\n<h3>POUR LA D\u00c9TERMINATION DU POINT D\u2019\u00c9CLAIR, ON UTILISE DIFF\u00c9RENTS APPAREILS ET M\u00c9THODES :<\/h3>\n<h5><span style=\"color: #e50000;\">M\u00e9thode rapide \u00e0 l\u2019\u00e9quilibre en vase clos (EN ISO 3679:2015)<\/span><\/h5>\n<p>On chauffe l\u2019\u00e9chantillon \u00e0 tester dans un vase clos (cavit\u00e9 pratiqu\u00e9e dans un bloc aluminium) \u00e0 l\u2019aide d\u2019un chauffage \u00e9lectrique plac\u00e9 sous le vase. Le vase est chauff\u00e9 \u00e0 une temp\u00e9rature pr\u00e9alablement d\u00e9finie et y demeure pendant une dur\u00e9e d\u00e9termin\u00e9e (par ex. 60 ou 120 secondes). Ensuite, \u00e0 l\u2019aide d\u2019une source d\u2019inflammation (flamme) que l\u2019on introduit par un d\u00e9gagement s\u2019ouvrant dans le couvercle, on essaie d\u2019enflammer le m\u00e9lange vapeur\/air. On appelle point d\u2019\u00e9clair la temp\u00e9rature \u00e0 partir de laquelle on observe une inflammation en surface du liquide. La d\u00e9termination du point d\u2019\u00e9clair par m\u00e9thode rapide est r\u00e9alisable dans une plage de temp\u00e9rature de -30\u00b0C \u00e0 300\u00b0C<\/p>\n<h5><span style=\"color: #e50000;\">M\u00e9thode selon Pensky-Martens en vase clos (EN ISO 2719:2016)<\/span><\/h5>\n<p>L\u2019\u00e9chantillon \u00e0 tester est chauff\u00e9 dans un vase clos au moyen d\u2019une \u00e9tuve \u00e9lectrique \u00e0 bain d\u2019air chaud (avec une couche d\u2019air entre l\u2019\u00e9tuve et le vase) et il est agit\u00e9 de fa\u00e7on continue. Pendant que l\u2019on augmente lentement la temp\u00e9rature, on essaie \u00e0 intervalles d\u00e9termin\u00e9s d\u2019enflammer le m\u00e9lange vapeur\/air \u00e0 l\u2019aide d\u2019une source d\u2019inflammation (flamme) que l\u2019on introduit par un d\u00e9gagement s\u2019ouvrant dans le couvercle. La temp\u00e9rature \u00e0 partir de laquelle on observe une inflammation en surface du liquide, est appel\u00e9e point d\u2019\u00e9clair. La d\u00e9termination du point d\u2019\u00e9clair selon Pensky-Martens est r\u00e9alisable dans une plage de temp\u00e9rature de 40\u00b0C \u00e0 370\u00b0C.<\/p>\n<h5><span style=\"color: #e50000;\">M\u00e9thode Abel en vase clos (EN ISO 13736:2013)<\/span><\/h5>\n<p>L\u2019\u00e9chantillon \u00e0 tester est chauff\u00e9 dans un vase clos au moyen d\u2019une \u00e9tuve \u00e9lectrique \u00e0 bain d\u2019air chaud (avec une couche d\u2019air entre l\u2019\u00e9tuve et le vase) et il est agit\u00e9 de fa\u00e7on continue. Pendant que l\u2019on augmente lentement la temp\u00e9rature, on essaie \u00e0 intervalles d\u00e9termin\u00e9s d\u2019enflammer le m\u00e9lange vapeur\/air \u00e0 l\u2019aide d\u2019une source d\u2019inflammation (flamme) que l\u2019on introduit par un d\u00e9gagement s\u2019ouvrant dans le couvercle. La temp\u00e9rature \u00e0 partir de laquelle on observe une inflammation en surface du liquide, est appel\u00e9e point d\u2019\u00e9clair. La d\u00e9termination du point d\u2019\u00e9clair selon Abel est r\u00e9alisable dans une plage de temp\u00e9rature de -30\u00b0C \u00e0 +70\u00b0C.<\/p>\n<p>Dans tous les cas, il est n\u00e9cessaire de proc\u00e9der \u00e0 la correction du point d\u2018\u00e9clair mesur\u00e9 par rapport \u00e0 la pression barom\u00e9trique standard de 1013 hPa, en appliquant \u00e0 cet effet la formule suivante :<\/p>\n<p>&nbsp;<\/p>\n<p>Flp. = C + 0,025 x (1013 \u2013 p)<\/p>\n<p>&nbsp;<\/p>\n<p>avec<\/p>\n<p>&nbsp;<\/p>\n<p>Flp. =\u00a0\u00a0 point d\u2019\u00e9clair corrig\u00e9 en \u00b0C<br \/>\nC\u00a0\u00a0 \u00a0=\u00a0\u00a0 \u00a0point d\u2019\u00e9clair mesur\u00e9 en \u00b0C<br \/>\np\u00a0\u00a0 \u00a0 =\u00a0\u00a0 Pression atmosph\u00e9rique en mbar<\/p>\n<p>On arrondit \u00e0 0,5 \u00b0C pr\u00e8s le point d\u2019\u00e9clair corrig\u00e9 \u00e0 la pression barom\u00e9trique. Ce point d\u2019\u00e9clair est alors pris en compte pour le classement de la substance selon les directives courantes [1], [2], [3]. Par ailleurs, il est possible d\u2019\u00e9valuer la temp\u00e9rature de s\u00e9curit\u00e9 de manipulation en entreprise :<br \/>\n\u2013 pour les liquides purs, non halog\u00e9n\u00e9s, 5 K en dessous du point d\u2019\u00e9clair,<br \/>\n\u2013 pour les m\u00e9langes de solvants sans composants halog\u00e9n\u00e9s, 15 K en dessous du point d\u2019\u00e9clair.<\/p>\n<p>Nous vous apporterons volontiers notre soutien pour la d\u00e9termination des points d\u2019\u00e9clair et l\u2019\u00e9valuation des r\u00e9sultats en relation avec votre propre proc\u00e9d\u00e9. N\u2019h\u00e9sitez pas \u00e0 nous consulter.<\/p>\n<p><strong>Bibliographie<\/strong><strong><br \/>\n<\/strong>[1] Globally Harmonized System of Classification and Labelling of Chemicals (GHS) \/ Regulation on Classification, Labelling and Packaging of Substances and Mixtures (CLP) \/ R\u00e8glement CE 1272\/2008<br \/>\n[2] Directive sur le Droit du transport ONU : UN Recommendations on the Transport of Dangerous Goods : Manual of Tests and Criteria, Rev. 7 (2019) et r\u00e8glement UN-Model Regulations, Rev. 21 (2019)<br \/>\n[3] Directive 67\/548\/CEE \u201eDirective sur les substances dangereuses\u201c[\/vc_column_text][vc_row_inner rt_row_style=\u00a0\u00bbglobal-style\u00a0\u00bb rt_bg_custom_alignment=\u00a0\u00bbtop\u00a0\u00bb][vc_column_inner width=\u00a0\u00bb1\/2&Prime; rt_column_shadow=\u00a0\u00bb\u00a0\u00bb rt_bg_image_repeat=\u00a0\u00bbrepeat\u00a0\u00bb rt_bg_size=\u00a0\u00bbauto auto\u00a0\u00bb rt_bg_attachment=\u00a0\u00bbscroll\u00a0\u00bb][vc_btn title=\u00a0\u00bbCaract\u00e9ristiques des substances\u00a0\u00bb style=\u00a0\u00bbclassic\u00a0\u00bb color=\u00a0\u00bbpurple\u00a0\u00bb i_icon_fontawesome=\u00a0\u00bbfas fa-angle-left\u00a0\u00bb add_icon=\u00a0\u00bbtrue\u00a0\u00bb link=\u00a0\u00bburl:%2Ffr%2Fprestations%2Fcaracteristiques-des-substances-relevant-de-la-securite%2F|title:Caract%C3%A9ristiques%20des%20substances\u00a0\u00bb el_class=\u00a0\u00bbbtn&#8211;red\u00a0\u00bb][\/vc_column_inner][vc_column_inner width=\u00a0\u00bb1\/2&Prime; rt_column_shadow=\u00a0\u00bb\u00a0\u00bb rt_bg_image_repeat=\u00a0\u00bbrepeat\u00a0\u00bb rt_bg_size=\u00a0\u00bbauto auto\u00a0\u00bb rt_bg_attachment=\u00a0\u00bbscroll\u00a0\u00bb][vc_btn title=\u00a0\u00bbPrestations\u00a0\u00bb style=\u00a0\u00bbclassic\u00a0\u00bb color=\u00a0\u00bbpurple\u00a0\u00bb i_icon_fontawesome=\u00a0\u00bbfas fa-angle-left\u00a0\u00bb add_icon=\u00a0\u00bbtrue\u00a0\u00bb link=\u00a0\u00bburl:%2Ffr%2Fprestations%2F|title:Prestations\u00a0\u00bb el_class=\u00a0\u00bbbtn&#8211;red\u00a0\u00bb][\/vc_column_inner][\/vc_row_inner][\/vc_column][\/vc_row]<\/p>\n","protected":false},"excerpt":{"rendered":"<p>[vc_row rt_row_background_width=\u00a0\u00bbfullwidth\u00a0\u00bb rt_row_content_width=\u00a0\u00bbdefault\u00a0\u00bb rt_row_style=\u00a0\u00bbdefault-style\u00a0\u00bb rt_row_borders=\u00a0\u00bb\u00a0\u00bb rt_row_shadows=\u00a0\u00bb\u00a0\u00bb rt_row_paddings=\u00a0\u00bbfalse\u00a0\u00bb rt_bg_effect=\u00a0\u00bbclassic\u00a0\u00bb rt_bg_image_repeat=\u00a0\u00bbrepeat\u00a0\u00bb rt_bg_size=\u00a0\u00bbcover\u00a0\u00bb rt_bg_position=\u00a0\u00bbright top\u00a0\u00bb rt_bg_attachment=\u00a0\u00bbscroll\u00a0\u00bb rt_bg_video_format=\u00a0\u00bbself-hosted\u00a0\u00bb][vc_column width=\u00a0\u00bb1\/3&Prime; rt_column_shadow=\u00a0\u00bb\u00a0\u00bb rt_bg_image_repeat=\u00a0\u00bbrepeat\u00a0\u00bb rt_bg_size=\u00a0\u00bbauto auto\u00a0\u00bb rt_bg_attachment=\u00a0\u00bbscroll\u00a0\u00bb class=\u00a0\u00bbdownload\u00a0\u00bb rt_bg_color=\u00a0\u00bb\u00a0\u00bb rt_bg_overlay_color=\u00a0\u00bb\u00a0\u00bb offset=\u00a0\u00bbvc_hidden-sm vc_hidden-xs\u00a0\u00bb css=\u00a0\u00bb.vc_custom_1532421990135{padding-bottom: 0px !important;}\u00a0\u00bb rt_padding_bottom=\u00a0\u00bb0&Prime;][vc_widget_sidebar sidebar_id=\u00a0\u00bbrt-theme-20-common-sidebar\u00a0\u00bb][\/vc_column][vc_column width=\u00a0\u00bb2\/3&Prime; rt_column_shadow=\u00a0\u00bb\u00a0\u00bb rt_bg_image_repeat=\u00a0\u00bbrepeat\u00a0\u00bb rt_bg_size=\u00a0\u00bbauto auto\u00a0\u00bb rt_bg_attachment=\u00a0\u00bbscroll\u00a0\u00bb class=\u00a0\u00bbmaincontent\u00a0\u00bb rt_bg_color=\u00a0\u00bb\u00a0\u00bb rt_bg_overlay_color=\u00a0\u00bb\u00a0\u00bb css=\u00a0\u00bb.vc_custom_1532421960235{margin-bottom: 1em !important;padding-bottom: 0px !important;}\u00a0\u00bb][vc_column_text el_class=\u00a0\u00bbredborderleft\u00a0\u00bb] Point d\u2019\u00e9clair Pour les consid\u00e9rations d\u2019ordre s\u00e9curitaire, le point d\u2019\u00e9clair  &#8230;<br \/><a class=\"more-link\" href=\"https:\/\/consilab.de\/fr\/prestations\/caracteristiques-des-substances-relevant-de-la-securite\/point-d-eclair\/\">more | mehr<\/a><\/p>\n","protected":false},"author":1,"featured_media":0,"parent":9313,"menu_order":1,"comment_status":"closed","ping_status":"closed","template":"","meta":{"footnotes":""},"class_list":["post-9977","page","type-page","status-publish","hentry"],"_links":{"self":[{"href":"https:\/\/consilab.de\/fr\/wp-json\/wp\/v2\/pages\/9977","targetHints":{"allow":["GET"]}}],"collection":[{"href":"https:\/\/consilab.de\/fr\/wp-json\/wp\/v2\/pages"}],"about":[{"href":"https:\/\/consilab.de\/fr\/wp-json\/wp\/v2\/types\/page"}],"author":[{"embeddable":true,"href":"https:\/\/consilab.de\/fr\/wp-json\/wp\/v2\/users\/1"}],"replies":[{"embeddable":true,"href":"https:\/\/consilab.de\/fr\/wp-json\/wp\/v2\/comments?post=9977"}],"version-history":[{"count":2,"href":"https:\/\/consilab.de\/fr\/wp-json\/wp\/v2\/pages\/9977\/revisions"}],"predecessor-version":[{"id":12084,"href":"https:\/\/consilab.de\/fr\/wp-json\/wp\/v2\/pages\/9977\/revisions\/12084"}],"up":[{"embeddable":true,"href":"https:\/\/consilab.de\/fr\/wp-json\/wp\/v2\/pages\/9313"}],"wp:attachment":[{"href":"https:\/\/consilab.de\/fr\/wp-json\/wp\/v2\/media?parent=9977"}],"curies":[{"name":"wp","href":"https:\/\/api.w.org\/{rel}","templated":true}]}}