{"id":13353,"date":"2016-01-17T04:12:30","date_gmt":"2016-01-17T04:12:30","guid":{"rendered":"https:\/\/consilab.de\/sicherheit-fuer-ihre-anlagen\/"},"modified":"2025-02-20T17:18:03","modified_gmt":"2025-02-20T16:18:03","slug":"sicherheit-fuer-ihre-anlagen","status":"publish","type":"page","link":"https:\/\/consilab.de\/it\/sicherheit-fuer-ihre-anlagen\/","title":{"rendered":"Sicurezza per i vostri impianti"},"content":{"rendered":"<p>[vc_row rt_row_background_width=&#8221;fullwidth&#8221; rt_row_content_width=&#8221;default&#8221; rt_row_style=&#8221;default-style&#8221; rt_row_borders=&#8221;&#8221; rt_row_shadows=&#8221;&#8221; rt_row_paddings=&#8221;true&#8221; rt_bg_effect=&#8221;classic&#8221; rt_bg_image_repeat=&#8221;repeat&#8221; rt_bg_size=&#8221;cover&#8221; rt_bg_position=&#8221;right top&#8221; rt_bg_attachment=&#8221;scroll&#8221; rt_bg_video_format=&#8221;self-hosted&#8221; rt_padding_bottom=&#8221;2%&#8221; rt_padding_top=&#8221;0&#8243;][vc_column width=&#8221;1\/3&#8243; rt_column_shadow=&#8221;&#8221; rt_bg_image_repeat=&#8221;repeat&#8221; rt_bg_size=&#8221;auto auto&#8221; rt_bg_attachment=&#8221;scroll&#8221; class=&#8221;download&#8221; rt_bg_color=&#8221;&#8221; rt_bg_overlay_color=&#8221;&#8221; offset=&#8221;vc_hidden-sm vc_hidden-xs&#8221; css=&#8221;.vc_custom_1531839290531{padding-top: 1em !important;}&#8221;][vc_widget_sidebar sidebar_id=&#8221;rt-theme-20-sidebar-for-pages&#8221;][\/vc_column][vc_column width=&#8221;2\/3&#8243; rt_column_shadow=&#8221;&#8221; rt_bg_image_repeat=&#8221;repeat&#8221; rt_bg_size=&#8221;auto auto&#8221; rt_bg_attachment=&#8221;scroll&#8221; class=&#8221;maincontent&#8221; rt_bg_color=&#8221;&#8221; rt_bg_overlay_color=&#8221;&#8221; css=&#8221;.vc_custom_1531839398611{margin-bottom: 2em !important;padding-top: 1em !important;}&#8221;][vc_column_text css=&#8221;.vc_custom_1740068280175{margin-bottom: 2em !important;}&#8221; el_class=&#8221;redborderleft&#8221;]<\/p>\n<h1>Sicurezza per i vostri impianti<\/h1>\n<h2 class=\"bodytext\">Gli impianti di processo devono essere costruiti e gestiti in modo da non rappresentare un rischio per le persone che vi lavorano, per le aree circostanti e per l&#8217;ambiente.<\/h2>\n<p>Il livello di sicurezza non dipende solo dall\u2019impianto stesso, ma anche da molti altri fattori, come le sostanze trattate, le reazioni chimiche, i processi, le procedure, l\u2019allestimento tecnico e non da ultimo dal personale che vi opera.<\/p>\n<h3>Pertanto, noi di consilab puntiamo su un approccio olistico.<\/h3>\n<p>Analizziamo il tema della sicurezza sotto ogni aspetto e facciamo convergere tutti i fattori di influenza nelle nostre riflessioni.<\/p>\n<p>In questo modo garantiamo ai nostri clienti maggiore sicurezza, meno rischi di guasti, processi ottimizzati e guadagniamo la fiducia del pubblico.<\/p>\n<h3>Teniamo d&#8217;occhio per voi tutti gli aspetti rilevanti<\/h3>\n<p>Per maggiori informazioni cliccare a destra sul simbolo\u00a0 <span style=\"color: #e50000;\"><span class=\"rt-icon icon-plus \"><\/span>\u00a0<\/span>[\/vc_column_text]<div  class=\"rt-toggle \"><ol><li  class=\"\"><div class=\"toggle-head\"><div class=\"toggle-number\"><span class=\"icon-beaker\"><\/span><\/div><div class=\"toggle-title clean_heading\">Sostanze<\/div><\/div><div class=\"toggle-content\"><p><strong>Il rischio derivante dagli impianti \u00e8 determinato in modo decisivo dalle sostanze impiegate:<\/strong><\/p>\n<p>Esse possono essere infiammabili, esplosive, tossiche o pericolose per l&#8217;ambiente. Un aspetto importante della sicurezza degli impianti \u00e8 quindi la prevenzione di incidenti come incendi, esplosioni, reazioni di decomposizione o il rilascio di sostanze tossiche.<\/p>\n<p>Dunque, il nostro compito \u00e8 di occuparci delle propriet\u00e0 fisico-chimiche di sostanze e miscele, dei parametri tecnici di sicurezza e delle reazioni chimiche.<\/p>\n<p>Le propriet\u00e0 delle sostanze determinano anche la progettazione tecnica e il funzionamento degli impianti.<\/p>\n<p>Sviluppiamo concetti di sicurezza che ne tengono conto.<\/p>\n<\/div><\/li><li  class=\"\"><div class=\"toggle-head\"><div class=\"toggle-number\"><span class=\"flam icon-fire-station\"><\/span><\/div><div class=\"toggle-title clean_heading\">Processo<\/div><\/div><div class=\"toggle-content\"><p>Gli impianti di processo producono prodotti commerciabili, trattando o trasformando le sostanze in processi meccanici, termici e chimici.<\/p>\n<p>La misura in cui le propriet\u00e0 pericolose di queste sostanze compromettono la sicurezza degli impianti dipende in larga misura dai processi adottati.<\/p>\n<p>Per questo motivo, \u00e8 necessario valutare tutte le possibili condizioni e gli scenari di guasto durante l\u2019esercizio. Le misure di ottimizzazione possibili sono la riduzione della quantit\u00e0 di sostanze pericolose utilizzate o la loro sostituzione, la diminuzione delle capacit\u00e0 di reazione delle sostanze coinvolte, la semplificazione dei processi e la prevenzione di processi chimici o fisici, per esempio limitando le condizioni operative (come pressione e temperatura).<\/p>\n<p>Abbiamo una conoscenza approfondita delle condizioni fisiche, chimiche e tecniche degli impianti di processo e siamo quindi in grado di consigliare i nostri clienti in modo ottimale.<\/p>\n<\/div><\/li><li  class=\"\"><div class=\"toggle-head\"><div class=\"toggle-number\"><span class=\"flam icon-wind icon-fire-station\"><\/span><\/div><div class=\"toggle-title clean_heading\">Sicurezza dell\u2019impianto<\/div><\/div><div class=\"toggle-content\"><p>Anche la progettazione tecnica di un impianto con l\u2019apparecchiatura, le macchine, le tubazioni e la tecnologia PLT riveste un ruolo importante per la sicurezza, che dipende sia dalla progettazione che dalla scelta e dalla qualit\u00e0 dei componenti.<\/p>\n<p>Cos\u00ec, gi\u00e0 in fase di costruzione degli impianti, \u00e8 fondamentale assicurarsi che tutti i componenti siano assemblati correttamente. Un impianto \u00e8 anche pi\u00f9 sicuro se i processi di scambio possono essere accelerati e svolti in uno spazio ridotto. Inoltre, contribuisce alla sicurezza anche la realizzazione di sistemi chiusi, con un\u2019inclusione ermetica delle sostanze pericolose.<\/p>\n<p>Un ruolo importante per la sicurezza di un impianto \u00e8 affidato oggi alla tecnica di controllo, che svolge compiti complessi per garantire la salvaguardia.<\/p>\n<p>Sappiamo quale ruolo ha la realizzazione tecnica degli impianti per la sicurezza in un\u2019azienda e siamo lieti di trasmettere questa conoscenza ai nostri clienti.<\/p>\n<\/div><\/li><li  class=\"\"><div class=\"toggle-head\"><div class=\"toggle-number\"><span class=\"icon-user\"><\/span><\/div><div class=\"toggle-title clean_heading\">Persone<\/div><\/div><div class=\"toggle-content\"><p>Nonostante tutti gli sforzi per ottimizzare i processi e le attrezzature tecniche degli impianti, l&#8217;uomo che li gestisce avr\u00e0 sempre un impatto centrale sulla sicurezza.<\/p>\n<p>Queste persone devono essere altamente qualificate, frequentare corsi di formazione e addestramento, nonch\u00e9 ricevere procedure e istruzioni ben strutturate. Il loro compito \u00e8 quello di gestire, manutenere, monitorare e reagire in caso di guasto.<\/p>\n<p>Per poter svolgere al meglio il loro lavoro, l&#8217;assistenza di esperti pu\u00f2 essere d&#8217;aiuto.<\/p>\n<p>Siamo a vostra disposizione!<\/p>\n<\/div><\/li><\/ol><\/div>[\/vc_column][\/vc_row]<\/p>\n","protected":false},"excerpt":{"rendered":"<p>[vc_row rt_row_background_width=&#8221;fullwidth&#8221; rt_row_content_width=&#8221;default&#8221; rt_row_style=&#8221;default-style&#8221; rt_row_borders=&#8221;&#8221; rt_row_shadows=&#8221;&#8221; rt_row_paddings=&#8221;true&#8221; rt_bg_effect=&#8221;classic&#8221; rt_bg_image_repeat=&#8221;repeat&#8221; rt_bg_size=&#8221;cover&#8221; rt_bg_position=&#8221;right top&#8221; rt_bg_attachment=&#8221;scroll&#8221; rt_bg_video_format=&#8221;self-hosted&#8221; rt_padding_bottom=&#8221;2%&#8221; rt_padding_top=&#8221;0&#8243;][vc_column width=&#8221;1\/3&#8243; rt_column_shadow=&#8221;&#8221; rt_bg_image_repeat=&#8221;repeat&#8221; rt_bg_size=&#8221;auto auto&#8221; rt_bg_attachment=&#8221;scroll&#8221; class=&#8221;download&#8221; rt_bg_color=&#8221;&#8221; rt_bg_overlay_color=&#8221;&#8221; offset=&#8221;vc_hidden-sm vc_hidden-xs&#8221; css=&#8221;.vc_custom_1531839290531{padding-top: 1em !important;}&#8221;][vc_widget_sidebar sidebar_id=&#8221;rt-theme-20-sidebar-for-pages&#8221;][\/vc_column][vc_column width=&#8221;2\/3&#8243; rt_column_shadow=&#8221;&#8221; rt_bg_image_repeat=&#8221;repeat&#8221; rt_bg_size=&#8221;auto auto&#8221; rt_bg_attachment=&#8221;scroll&#8221; class=&#8221;maincontent&#8221; rt_bg_color=&#8221;&#8221; rt_bg_overlay_color=&#8221;&#8221; css=&#8221;.vc_custom_1531839398611{margin-bottom: 2em !important;padding-top: 1em !important;}&#8221;][vc_column_text css=&#8221;.vc_custom_1740068280175{margin-bottom: 2em !important;}&#8221; el_class=&#8221;redborderleft&#8221;] Sicurezza per i vostri impianti Gli  &#8230;<br \/><a class=\"more-link\" href=\"https:\/\/consilab.de\/it\/sicherheit-fuer-ihre-anlagen\/\">more | mehr<\/a><\/p>\n","protected":false},"author":1,"featured_media":0,"parent":0,"menu_order":3,"comment_status":"closed","ping_status":"closed","template":"","meta":{"footnotes":""},"class_list":["post-13353","page","type-page","status-publish","hentry"],"_links":{"self":[{"href":"https:\/\/consilab.de\/it\/wp-json\/wp\/v2\/pages\/13353","targetHints":{"allow":["GET"]}}],"collection":[{"href":"https:\/\/consilab.de\/it\/wp-json\/wp\/v2\/pages"}],"about":[{"href":"https:\/\/consilab.de\/it\/wp-json\/wp\/v2\/types\/page"}],"author":[{"embeddable":true,"href":"https:\/\/consilab.de\/it\/wp-json\/wp\/v2\/users\/1"}],"replies":[{"embeddable":true,"href":"https:\/\/consilab.de\/it\/wp-json\/wp\/v2\/comments?post=13353"}],"version-history":[{"count":3,"href":"https:\/\/consilab.de\/it\/wp-json\/wp\/v2\/pages\/13353\/revisions"}],"predecessor-version":[{"id":13357,"href":"https:\/\/consilab.de\/it\/wp-json\/wp\/v2\/pages\/13353\/revisions\/13357"}],"wp:attachment":[{"href":"https:\/\/consilab.de\/it\/wp-json\/wp\/v2\/media?parent=13353"}],"curies":[{"name":"wp","href":"https:\/\/api.w.org\/{rel}","templated":true}]}}