{"id":13359,"date":"2018-06-18T11:20:01","date_gmt":"2018-06-18T09:20:01","guid":{"rendered":"https:\/\/consilab.de\/leistungen\/"},"modified":"2025-09-11T17:19:17","modified_gmt":"2025-09-11T15:19:17","slug":"leistungen","status":"publish","type":"page","link":"https:\/\/consilab.de\/it\/leistungen\/","title":{"rendered":"Prestazioni"},"content":{"rendered":"<p>[vc_row rt_row_background_width=&#8221;fullwidth&#8221; rt_row_content_width=&#8221;default&#8221; rt_row_style=&#8221;default-style&#8221; rt_row_borders=&#8221;&#8221; rt_row_shadows=&#8221;&#8221; rt_row_paddings=&#8221;false&#8221; id=&#8221;leistungenboxenausblenden&#8221; rt_bg_effect=&#8221;classic&#8221; rt_bg_image_repeat=&#8221;repeat&#8221; rt_bg_size=&#8221;cover&#8221; rt_bg_position=&#8221;right top&#8221; rt_bg_attachment=&#8221;scroll&#8221; rt_bg_video_format=&#8221;self-hosted&#8221;][vc_column width=&#8221;1\/3&#8243; rt_column_shadow=&#8221;&#8221; rt_bg_image_repeat=&#8221;repeat&#8221; rt_bg_size=&#8221;auto auto&#8221; rt_bg_attachment=&#8221;scroll&#8221; class=&#8221;download&#8221; rt_bg_color=&#8221;&#8221; rt_bg_overlay_color=&#8221;&#8221; offset=&#8221;vc_hidden-sm vc_hidden-xs&#8221; css=&#8221;.vc_custom_1532424500123{padding-bottom: 0px !important;}&#8221; rt_padding_bottom=&#8221;0&#8243;][vc_column_text css=&#8221;.vc_custom_1757603953712{margin-bottom: 1.5em !important;}&#8221; el_class=&#8221;redborderleft_lv&#8221;]<\/p>\n<h3>In un colpo d\u2019occhio<\/h3>\n<ul>\n<li>Caratteristiche delle sostanze<\/li>\n<li>Calcoli tecnici sulla sicurezza<\/li>\n<li>Concetti di sicurezza<\/li>\n<li>Perizie tecniche<\/li>\n<li>Classificazioni di sostanze<\/li>\n<li>Monitoraggio delle normative<\/li>\n<li>Apparecchiatura di prova GLP<\/li>\n<li>Organismi professionali<\/li>\n<\/ul>\n<p><a href=\"https:\/\/consilab.de\/wp-content\/uploads\/2025\/09\/consilab-Leistungsverzeichnis_2025_IT.pdf\" target=\"_blank\" rel=\"noopener noreferrer\">Capitolato completo delle prestazioni in PDF<\/a>[\/vc_column_text][\/vc_column][vc_column width=&#8221;2\/3&#8243; rt_column_shadow=&#8221;&#8221; rt_bg_image_repeat=&#8221;repeat&#8221; rt_bg_size=&#8221;auto auto&#8221; rt_bg_attachment=&#8221;scroll&#8221; class=&#8221;maincontent&#8221; rt_bg_color=&#8221;&#8221; rt_bg_overlay_color=&#8221;&#8221; css=&#8221;.vc_custom_1532424494045{margin-bottom: 1em !important;padding-bottom: 30px !important;}&#8221; rt_padding_top=&#8221;0&#8243; rt_padding_bottom=&#8221;0&#8243; offset=&#8221;vc_hidden-xs&#8221;][vc_column_text css=&#8221;&#8221; el_class=&#8221;redborderleft&#8221;]<\/p>\n<h1>Prestazioni<\/h1>\n<h2>In consilab ingegneri e chimici lavorano a stretto contatto in squadra. Grazie a questo lavoro interdisciplinare, avrete tutti i servizi di sicurezza rilevanti da un&#8217;unica fonte.<\/h2>\n<p>Analizziamo i vostri impianti e processi, identifichiamo potenziali pericoli e sviluppiamo concetti di sicurezza. Grazie al laboratorio di prova interno, siamo in grado di determinare in autonomia i parametri necessari per i concetti di sicurezza.<\/p>\n<p>Un ulteriore vantaggio \u00e8 che siamo una piccola societ\u00e0 di consulenza flessibile, che opera in modo indipendente da aziende produttrici, autorit\u00e0 e assicurazioni. Ci\u00f2 ci consente di consigliarvi su tutte le questioni inerenti la sicurezza in tempi rapidi, a costi contenuti e senza conflitti d&#8217;interesse.<\/p>\n<h3>Questo ci rende un partner forte per la vostra sicurezza.<\/h3>\n<p>Per maggiori informazioni cliccare su una casella[\/vc_column_text][vc_row_inner rt_row_style=&#8221;global-style&#8221; rt_bg_custom_alignment=&#8221;top&#8221; class=&#8221;leistungen_grid&#8221;][vc_column_inner width=&#8221;1\/3&#8243; rt_column_shadow=&#8221;true&#8221; rt_bg_image_repeat=&#8221;no-repeat&#8221; rt_bg_size=&#8221;cover&#8221; rt_bg_attachment=&#8221;scroll&#8221; class=&#8221;leistungen_singlebox&#8221; rt_bg_color=&#8221;&#8221; rt_bg_overlay_color=&#8221;&#8221; css=&#8221;.vc_custom_1537266437553{padding-bottom: 54px !important;}&#8221;][vc_single_image image=&#8221;7629&#8243; img_size=&#8221;196&#215;196&#8243; onclick=&#8221;custom_link&#8221; link=&#8221;https:\/\/consilab.de\/it\/leistungen\/kenndaten-von-stoffen\/&#8221;][vc_column_text css=&#8221;&#8221;]<\/p>\n<h3><a href=\"https:\/\/consilab.de\/it\/leistungen\/kenndaten-von-stoffen\/\">Caratteristiche delle<br \/>\nsostanzes<\/a><\/h3>\n<p>[\/vc_column_text][\/vc_column_inner][vc_column_inner width=&#8221;1\/3&#8243; rt_column_shadow=&#8221;true&#8221; rt_bg_image_repeat=&#8221;repeat&#8221; rt_bg_size=&#8221;auto auto&#8221; rt_bg_attachment=&#8221;scroll&#8221; class=&#8221;leistungen_singlebox&#8221; rt_bg_color=&#8221;&#8221; rt_bg_overlay_color=&#8221;&#8221;][vc_single_image image=&#8221;3658&#8243; img_size=&#8221;196&#215;196&#8243; onclick=&#8221;custom_link&#8221; link=&#8221;https:\/\/consilab.de\/it\/leistungen\/sicherheitstechnische-berechnungen\/&#8221;][vc_column_text css=&#8221;&#8221;]<\/p>\n<h3><a href=\"https:\/\/consilab.de\/it\/leistungen\/sicherheitstechnische-berechnungen\/\">Calcoli tecnici<br \/>\nsulla sicurezza<\/a><\/h3>\n<p>[\/vc_column_text][\/vc_column_inner][vc_column_inner width=&#8221;1\/3&#8243; rt_column_shadow=&#8221;true&#8221; rt_bg_image_repeat=&#8221;repeat&#8221; rt_bg_size=&#8221;auto auto&#8221; rt_bg_attachment=&#8221;scroll&#8221; class=&#8221;leistungen_singlebox&#8221; rt_bg_color=&#8221;&#8221; rt_bg_overlay_color=&#8221;&#8221;][vc_single_image image=&#8221;3639&#8243; img_size=&#8221;196&#215;196&#8243; onclick=&#8221;custom_link&#8221; link=&#8221;https:\/\/consilab.de\/it\/leistungen\/sicherheitskonzepte\/&#8221;][vc_column_text css=&#8221;.vc_custom_1740068784249{padding-bottom: 19px !important;}&#8221;]<\/p>\n<h3><a href=\"https:\/\/consilab.de\/it\/leistungen\/sicherheitskonzepte\/\">Concetti di<br \/>\nsicurezza<\/a><\/h3>\n<p>[\/vc_column_text][\/vc_column_inner][\/vc_row_inner][vc_row_inner rt_row_style=&#8221;global-style&#8221; rt_bg_custom_alignment=&#8221;top&#8221; class=&#8221;leistungen_grid&#8221;][vc_column_inner width=&#8221;1\/3&#8243; rt_column_shadow=&#8221;true&#8221; rt_bg_image_repeat=&#8221;repeat&#8221; rt_bg_size=&#8221;auto auto&#8221; rt_bg_attachment=&#8221;scroll&#8221; class=&#8221;leistungen_singlebox&#8221; rt_bg_color=&#8221;&#8221; rt_bg_overlay_color=&#8221;&#8221; css=&#8221;.vc_custom_1531840213590{padding-bottom: 34px !important;}&#8221;][vc_single_image image=&#8221;3660&#8243; img_size=&#8221;196&#215;196&#8243; onclick=&#8221;custom_link&#8221; link=&#8221;https:\/\/consilab.de\/it\/leistungen\/sachverstaendigengutachten\/&#8221;][vc_column_text css=&#8221;.vc_custom_1740068806790{padding-bottom: 19px !important;}&#8221;]<\/p>\n<h3><a href=\"https:\/\/consilab.de\/it\/leistungen\/sachverstaendigengutachten\/\">Perizie<br \/>\ntecniche<\/a><\/h3>\n<p>[\/vc_column_text][\/vc_column_inner][vc_column_inner width=&#8221;1\/3&#8243; rt_column_shadow=&#8221;true&#8221; rt_bg_image_repeat=&#8221;repeat&#8221; rt_bg_size=&#8221;auto auto&#8221; rt_bg_attachment=&#8221;scroll&#8221; class=&#8221;leistungen_singlebox&#8221; rt_bg_color=&#8221;&#8221; rt_bg_overlay_color=&#8221;&#8221;][vc_single_image image=&#8221;3659&#8243; img_size=&#8221;196&#215;196&#8243; onclick=&#8221;custom_link&#8221; link=&#8221;https:\/\/consilab.de\/it\/leistungen\/klassifizierung-von-stoffen\/&#8221;][vc_column_text css=&#8221;.vc_custom_1740068847185{padding-bottom: 19px !important;}&#8221;]<\/p>\n<h3><a href=\"https:\/\/consilab.de\/it\/leistungen\/klassifizierung-von-stoffen\/\">Classificazioni di<br \/>\nsostanzes<\/a><\/h3>\n<p>[\/vc_column_text][\/vc_column_inner][vc_column_inner width=&#8221;1\/3&#8243; rt_column_shadow=&#8221;true&#8221; rt_bg_image_repeat=&#8221;repeat&#8221; rt_bg_size=&#8221;auto auto&#8221; rt_bg_attachment=&#8221;scroll&#8221; class=&#8221;leistungen_singlebox&#8221; rt_bg_color=&#8221;&#8221; rt_bg_overlay_color=&#8221;&#8221; css=&#8221;.vc_custom_1531840224131{padding-bottom: 34px !important;}&#8221;][vc_single_image image=&#8221;7663&#8243; img_size=&#8221;196&#215;196&#8243; onclick=&#8221;custom_link&#8221; link=&#8221;https:\/\/consilab.de\/it\/leistungen\/regelwerksverfolgung\/&#8221;][vc_column_text css=&#8221;.vc_custom_1740068872077{padding-bottom: 19px !important;}&#8221;]<\/p>\n<h3><a href=\"https:\/\/consilab.de\/it\/leistungen\/regelwerksverfolgung\/\">Monitoraggio<br \/>\ndelle normative<\/a><\/h3>\n<p>[\/vc_column_text][\/vc_column_inner][\/vc_row_inner][vc_row_inner rt_row_style=&#8221;global-style&#8221; rt_bg_custom_alignment=&#8221;top&#8221; class=&#8221;leistungen_grid&#8221;][vc_column_inner width=&#8221;1\/3&#8243; rt_column_shadow=&#8221;true&#8221; rt_bg_image_repeat=&#8221;repeat&#8221; rt_bg_size=&#8221;auto auto&#8221; rt_bg_attachment=&#8221;scroll&#8221; class=&#8221;leistungen_singlebox&#8221; rt_bg_color=&#8221;&#8221; rt_bg_overlay_color=&#8221;&#8221; css=&#8221;.vc_custom_1537260827362{padding-bottom: 34px !important;}&#8221;][vc_single_image image=&#8221;12808&#8243; img_size=&#8221;196&#215;196&#8243; onclick=&#8221;custom_link&#8221; link=&#8221;https:\/\/consilab.de\/it\/leistungen\/glp-pruefeinrichtung\/&#8221;][vc_column_text css=&#8221;.vc_custom_1740069356502{padding-bottom: 19px !important;}&#8221;]<\/p>\n<h3><a href=\"https:\/\/consilab.de\/it\/leistungen\/glp-pruefeinrichtung\/\">Apparecchiatura<br \/>\ndi prova GLP<\/a><\/h3>\n<p>[\/vc_column_text][\/vc_column_inner][vc_column_inner width=&#8221;1\/3&#8243; rt_column_shadow=&#8221;true&#8221; rt_bg_image_repeat=&#8221;repeat&#8221; rt_bg_size=&#8221;auto auto&#8221; rt_bg_attachment=&#8221;scroll&#8221; class=&#8221;leistungen_singlebox&#8221; rt_bg_color=&#8221;&#8221; rt_bg_overlay_color=&#8221;&#8221;][vc_single_image image=&#8221;12797&#8243; img_size=&#8221;196&#215;196&#8243; onclick=&#8221;custom_link&#8221; css=&#8221;.vc_custom_1719914416005{padding-bottom: 19px !important;}&#8221; link=&#8221;https:\/\/consilab.de\/it\/leistungen\/fachgremien\/&#8221;][vc_column_text css=&#8221;.vc_custom_1747252800698{padding-bottom: 19px !important;}&#8221;]<\/p>\n<h3><a href=\"https:\/\/consilab.de\/it\/leistungen\/fachgremien\/\">Organismos<\/a><br \/>\n<a href=\"https:\/\/consilab.de\/it\/leistungen\/fachgremien\/\">especializados\u00a0<\/a><\/h3>\n<h3><\/h3>\n<p>[\/vc_column_text][\/vc_column_inner][\/vc_row_inner][\/vc_column][\/vc_row][vc_row rt_row_background_width=&#8221;fullwidth&#8221; rt_row_content_width=&#8221;default&#8221; rt_row_style=&#8221;default-style&#8221; rt_row_borders=&#8221;&#8221; rt_row_shadows=&#8221;&#8221; rt_row_paddings=&#8221;false&#8221; rt_bg_effect=&#8221;classic&#8221; rt_bg_image_repeat=&#8221;repeat&#8221; rt_bg_size=&#8221;cover&#8221; rt_bg_position=&#8221;right top&#8221; rt_bg_attachment=&#8221;scroll&#8221; rt_bg_video_format=&#8221;self-hosted&#8221;][vc_column rt_column_shadow=&#8221;&#8221; rt_bg_image_repeat=&#8221;repeat&#8221; rt_bg_size=&#8221;auto auto&#8221; rt_bg_attachment=&#8221;scroll&#8221; class=&#8221;maincontent&#8221; rt_bg_color=&#8221;&#8221; rt_bg_overlay_color=&#8221;&#8221; offset=&#8221;vc_hidden-lg vc_hidden-md vc_hidden-sm&#8221; css=&#8221;.vc_custom_1531984332597{margin-top: 0px !important;margin-bottom: 0px !important;padding-bottom: 10px !important;}&#8221;][vc_column_text css=&#8221;.vc_custom_1740050039320{padding-top: 0px !important;}&#8221; el_class=&#8221;redborderleft&#8221;]<\/p>\n<h1>Prestaciones<\/h1>\n<h2>En consilab, los ingenieros y los qu\u00edmicos trabajan estrechamente en equipo. Este trabajo interdisciplinario garantiza que todas las prestaciones relevantes de seguridad provienen de una mano.<\/h2>\n<p>Analizamos sus instalaciones y procesos, detectamos peligros potenciales y elaboramos conceptos de seguridad. Nuestro laboratorio propio de pruebas nos permite determinar los par\u00e1metros necesarios para los conceptos de seguridad.<\/p>\n<p>Otra ventaja importante: Somos una empresa de consultor\u00eda peque\u00f1a y flexible que trabaja de manera independiente de empresas productoras, autoridades p\u00fablicas y compa\u00f1\u00edas de seguros. Gracias a ello le asesoramos de manera r\u00e1pida y econ\u00f3mica en todas las cuestiones de seguridad, sin conflicto alguno de intereses.<\/p>\n<h3>Gracias a ello somos un socio fuerte para su seguridad.<\/h3>\n<p>Para m\u00e1s informaci\u00f3n haga clic en una casilla[\/vc_column_text][\/vc_column][\/vc_row][vc_row rt_row_background_width=&#8221;fullwidth&#8221; rt_row_content_width=&#8221;default&#8221; rt_row_style=&#8221;default-style&#8221; rt_row_borders=&#8221;&#8221; rt_row_shadows=&#8221;&#8221; rt_row_paddings=&#8221;true&#8221; rt_bg_effect=&#8221;classic&#8221; rt_bg_image_repeat=&#8221;repeat&#8221; rt_bg_size=&#8221;cover&#8221; rt_bg_position=&#8221;right top&#8221; rt_bg_attachment=&#8221;scroll&#8221; rt_bg_video_format=&#8221;self-hosted&#8221;][vc_column rt_column_shadow=&#8221;&#8221; rt_bg_image_repeat=&#8221;repeat&#8221; rt_bg_size=&#8221;auto auto&#8221; rt_bg_attachment=&#8221;scroll&#8221; offset=&#8221;vc_hidden-lg vc_hidden-md vc_hidden-sm&#8221; rt_bg_color=&#8221;&#8221; rt_bg_overlay_color=&#8221;&#8221;][vc_row_inner rt_row_style=&#8221;global-style&#8221; rt_bg_custom_alignment=&#8221;top&#8221; class=&#8221;leistungen_grid&#8221;][vc_column_inner width=&#8221;1\/2&#8243; rt_column_shadow=&#8221;true&#8221; rt_bg_image_repeat=&#8221;repeat&#8221; rt_bg_size=&#8221;auto auto&#8221; rt_bg_attachment=&#8221;scroll&#8221; class=&#8221;leistungen_grid&#8221; rt_bg_color=&#8221;&#8221; rt_bg_overlay_color=&#8221;&#8221;][vc_single_image image=&#8221;7629&#8243; img_size=&#8221;282&#215;282&#8243; onclick=&#8221;custom_link&#8221; link=&#8221;https:\/\/consilab.de\/it\/leistungen\/kenndaten-von-stoffen\/&#8221;][vc_column_text css=&#8221;.vc_custom_1740066926549{padding-bottom: 19px !important;}&#8221;]<\/p>\n<h3><a href=\"https:\/\/consilab.de\/it\/leistungen\/kenndaten-von-stoffen\/\">Caracter\u00edsticas de<\/a><br \/>\n<a href=\"https:\/\/consilab.de\/it\/leistungen\/kenndaten-von-stoffen\/\">sustancias<\/a><\/h3>\n<p>[\/vc_column_text][\/vc_column_inner][vc_column_inner width=&#8221;1\/2&#8243; rt_column_shadow=&#8221;true&#8221; rt_bg_image_repeat=&#8221;repeat&#8221; rt_bg_size=&#8221;auto auto&#8221; rt_bg_attachment=&#8221;scroll&#8221; class=&#8221;leistungen_grid&#8221; rt_bg_color=&#8221;&#8221; rt_bg_overlay_color=&#8221;&#8221; css=&#8221;.vc_custom_1530610003871{padding-bottom: 34px !important;}&#8221;][vc_single_image image=&#8221;3658&#8243; img_size=&#8221;282&#215;282&#8243; onclick=&#8221;custom_link&#8221; link=&#8221;https:\/\/consilab.de\/it\/leistungen\/sicherheitstechnische-berechnungen\/&#8221;][vc_column_text css=&#8221;.vc_custom_1740067079232{padding-bottom: 4px !important;}&#8221;]<\/p>\n<h3><a href=\"https:\/\/consilab.de\/it\/leistungen\/sicherheitstechnische-berechnungen\/\">C\u00e1lculos de<\/a><br \/>\n<a href=\"https:\/\/consilab.de\/it\/leistungen\/sicherheitstechnische-berechnungen\/\">seguridad<\/a><\/h3>\n<p>[\/vc_column_text][\/vc_column_inner][\/vc_row_inner][vc_row_inner rt_row_style=&#8221;global-style&#8221; rt_bg_custom_alignment=&#8221;top&#8221; class=&#8221;leistungen_grid&#8221;][vc_column_inner width=&#8221;1\/2&#8243; rt_column_shadow=&#8221;true&#8221; rt_bg_image_repeat=&#8221;repeat&#8221; rt_bg_size=&#8221;auto auto&#8221; rt_bg_attachment=&#8221;scroll&#8221; class=&#8221;leistungen_grid&#8221; rt_bg_color=&#8221;&#8221; rt_bg_overlay_color=&#8221;&#8221;][vc_single_image image=&#8221;3639&#8243; img_size=&#8221;276&#215;276&#8243; onclick=&#8221;custom_link&#8221; link=&#8221;https:\/\/consilab.de\/it\/leistungen\/sicherheitskonzepte\/&#8221;][vc_column_text css=&#8221;.vc_custom_1740067160839{padding-bottom: 19px !important;}&#8221;]<\/p>\n<h3><a href=\"https:\/\/consilab.de\/it\/leistungen\/sicherheitskonzepte\/\">Concepto de<\/a><br \/>\n<a href=\"https:\/\/consilab.de\/it\/leistungen\/sicherheitskonzepte\/\">seguridad<\/a><\/h3>\n<p>[\/vc_column_text][\/vc_column_inner][vc_column_inner width=&#8221;1\/2&#8243; rt_column_shadow=&#8221;true&#8221; rt_bg_image_repeat=&#8221;repeat&#8221; rt_bg_size=&#8221;auto auto&#8221; rt_bg_attachment=&#8221;scroll&#8221; class=&#8221;leistungen_grid&#8221; rt_bg_color=&#8221;&#8221; rt_bg_overlay_color=&#8221;&#8221; css=&#8221;.vc_custom_1530610003871{padding-bottom: 34px !important;}&#8221;][vc_single_image image=&#8221;3660&#8243; img_size=&#8221;276&#215;276&#8243; onclick=&#8221;custom_link&#8221; link=&#8221;https:\/\/consilab.de\/it\/leistungen\/sachverstaendigengutachten\/&#8221;][vc_column_text css=&#8221;.vc_custom_1740067311088{padding-bottom: 19px !important;}&#8221;]<\/p>\n<h3><a href=\"https:\/\/consilab.de\/it\/leistungen\/sachverstaendigengutachten\/\">Dict\u00e1menes<\/a><br \/>\n<a href=\"https:\/\/consilab.de\/it\/leistungen\/sachverstaendigengutachten\/\">periciales<\/a><\/h3>\n<p>[\/vc_column_text][\/vc_column_inner][\/vc_row_inner][vc_row_inner rt_row_style=&#8221;global-style&#8221; rt_bg_custom_alignment=&#8221;top&#8221; class=&#8221;leistungen_grid&#8221;][vc_column_inner width=&#8221;1\/2&#8243; rt_column_shadow=&#8221;true&#8221; rt_bg_image_repeat=&#8221;repeat&#8221; rt_bg_size=&#8221;auto auto&#8221; rt_bg_attachment=&#8221;scroll&#8221; class=&#8221;leistungen_grid&#8221; rt_bg_color=&#8221;&#8221; rt_bg_overlay_color=&#8221;&#8221;][vc_single_image image=&#8221;3659&#8243; img_size=&#8221;276&#215;276&#8243; onclick=&#8221;custom_link&#8221; link=&#8221;https:\/\/consilab.de\/it\/leistungen\/klassifizierung-von-stoffen\/&#8221;][vc_column_text css=&#8221;.vc_custom_1740067335277{padding-bottom: 19px !important;}&#8221;]<\/p>\n<h3><a href=\"https:\/\/consilab.de\/it\/leistungen\/klassifizierung-von-stoffen\/\">Clasificaci\u00f3n de<\/a><br \/>\n<a href=\"https:\/\/consilab.de\/it\/leistungen\/klassifizierung-von-stoffen\/\">sustancias<\/a><\/h3>\n<p>[\/vc_column_text][\/vc_column_inner][vc_column_inner width=&#8221;1\/2&#8243; rt_column_shadow=&#8221;true&#8221; rt_bg_image_repeat=&#8221;repeat&#8221; rt_bg_size=&#8221;auto auto&#8221; rt_bg_attachment=&#8221;scroll&#8221; class=&#8221;leistungen_grid&#8221; rt_bg_color=&#8221;&#8221; rt_bg_overlay_color=&#8221;&#8221; css=&#8221;.vc_custom_1530609252332{padding-bottom: 34px !important;}&#8221;][vc_single_image image=&#8221;7663&#8243; img_size=&#8221;276&#215;276&#8243; onclick=&#8221;custom_link&#8221; link=&#8221;https:\/\/consilab.de\/it\/leistungen\/regelwerksverfolgung\/&#8221;][vc_column_text css=&#8221;.vc_custom_1740069310869{padding-bottom: 19px !important;}&#8221;]<\/p>\n<h3><a href=\"https:\/\/consilab.de\/it\/leistungen\/regelwerksverfolgung\/\">Monitoraggio delle<br \/>\nnormative<\/a><\/h3>\n<p>[\/vc_column_text][\/vc_column_inner][\/vc_row_inner][vc_row_inner rt_row_style=&#8221;global-style&#8221; rt_bg_custom_alignment=&#8221;top&#8221; class=&#8221;leistungen_grid&#8221;][vc_column_inner width=&#8221;1\/2&#8243; rt_column_shadow=&#8221;true&#8221; rt_bg_image_repeat=&#8221;repeat&#8221; rt_bg_size=&#8221;auto auto&#8221; rt_bg_attachment=&#8221;scroll&#8221; class=&#8221;leistungen_grid&#8221; rt_bg_color=&#8221;&#8221; rt_bg_overlay_color=&#8221;&#8221; css=&#8221;.vc_custom_1530609279849{padding-bottom: 34px !important;}&#8221;][vc_single_image image=&#8221;13203&#8243; img_size=&#8221;276&#215;276&#8243; onclick=&#8221;custom_link&#8221; css=&#8221;&#8221; link=&#8221;https:\/\/consilab.de\/it\/leistungen\/glp-pruefeinrichtung\/&#8221;][vc_column_text css=&#8221;.vc_custom_1740069372953{padding-bottom: 19px !important;}&#8221;]<\/p>\n<h3>Apparecchiatura<br \/>\ndi prova GLP<\/h3>\n<p>[\/vc_column_text][\/vc_column_inner][vc_column_inner width=&#8221;1\/2&#8243; rt_column_shadow=&#8221;true&#8221; rt_bg_image_repeat=&#8221;repeat&#8221; rt_bg_size=&#8221;auto auto&#8221; rt_bg_attachment=&#8221;scroll&#8221; class=&#8221;leistungen_grid&#8221; rt_bg_color=&#8221;&#8221; rt_bg_overlay_color=&#8221;&#8221;][vc_single_image image=&#8221;13202&#8243; img_size=&#8221;276&#215;276&#8243; onclick=&#8221;custom_link&#8221; css=&#8221;&#8221; link=&#8221;https:\/\/consilab.de\/it\/leistungen\/fachgremien\/&#8221;][vc_column_text css=&#8221;.vc_custom_1740051092927{padding-bottom: 34px !important;}&#8221;]<\/p>\n<h3>Organismos especializados<\/h3>\n<p>[\/vc_column_text][\/vc_column_inner][\/vc_row_inner][\/vc_column][\/vc_row]<\/p>\n","protected":false},"excerpt":{"rendered":"<p>[vc_row rt_row_background_width=&#8221;fullwidth&#8221; rt_row_content_width=&#8221;default&#8221; rt_row_style=&#8221;default-style&#8221; rt_row_borders=&#8221;&#8221; rt_row_shadows=&#8221;&#8221; rt_row_paddings=&#8221;false&#8221; id=&#8221;leistungenboxenausblenden&#8221; rt_bg_effect=&#8221;classic&#8221; rt_bg_image_repeat=&#8221;repeat&#8221; rt_bg_size=&#8221;cover&#8221; rt_bg_position=&#8221;right top&#8221; rt_bg_attachment=&#8221;scroll&#8221; rt_bg_video_format=&#8221;self-hosted&#8221;][vc_column width=&#8221;1\/3&#8243; rt_column_shadow=&#8221;&#8221; rt_bg_image_repeat=&#8221;repeat&#8221; rt_bg_size=&#8221;auto auto&#8221; rt_bg_attachment=&#8221;scroll&#8221; class=&#8221;download&#8221; rt_bg_color=&#8221;&#8221; rt_bg_overlay_color=&#8221;&#8221; offset=&#8221;vc_hidden-sm vc_hidden-xs&#8221; css=&#8221;.vc_custom_1532424500123{padding-bottom: 0px !important;}&#8221; rt_padding_bottom=&#8221;0&#8243;][vc_column_text css=&#8221;.vc_custom_1757603953712{margin-bottom: 1.5em !important;}&#8221; el_class=&#8221;redborderleft_lv&#8221;] In un colpo d\u2019occhio Caratteristiche delle sostanze Calcoli tecnici sulla sicurezza Concetti di sicurezza Perizie tecniche Classificazioni di sostanze Monitoraggio delle  &#8230;<br \/><a class=\"more-link\" href=\"https:\/\/consilab.de\/it\/leistungen\/\">more | mehr<\/a><\/p>\n","protected":false},"author":1,"featured_media":0,"parent":0,"menu_order":3,"comment_status":"closed","ping_status":"closed","template":"","meta":{"footnotes":""},"class_list":["post-13359","page","type-page","status-publish","hentry"],"_links":{"self":[{"href":"https:\/\/consilab.de\/it\/wp-json\/wp\/v2\/pages\/13359","targetHints":{"allow":["GET"]}}],"collection":[{"href":"https:\/\/consilab.de\/it\/wp-json\/wp\/v2\/pages"}],"about":[{"href":"https:\/\/consilab.de\/it\/wp-json\/wp\/v2\/types\/page"}],"author":[{"embeddable":true,"href":"https:\/\/consilab.de\/it\/wp-json\/wp\/v2\/users\/1"}],"replies":[{"embeddable":true,"href":"https:\/\/consilab.de\/it\/wp-json\/wp\/v2\/comments?post=13359"}],"version-history":[{"count":10,"href":"https:\/\/consilab.de\/it\/wp-json\/wp\/v2\/pages\/13359\/revisions"}],"predecessor-version":[{"id":15137,"href":"https:\/\/consilab.de\/it\/wp-json\/wp\/v2\/pages\/13359\/revisions\/15137"}],"wp:attachment":[{"href":"https:\/\/consilab.de\/it\/wp-json\/wp\/v2\/media?parent=13359"}],"curies":[{"name":"wp","href":"https:\/\/api.w.org\/{rel}","templated":true}]}}