{"id":13384,"date":"2016-02-08T15:13:44","date_gmt":"2016-02-08T15:13:44","guid":{"rendered":"https:\/\/consilab.de\/kontakt\/"},"modified":"2025-07-24T17:33:01","modified_gmt":"2025-07-24T15:33:01","slug":"kontakt","status":"publish","type":"page","link":"https:\/\/consilab.de\/it\/kontakt\/","title":{"rendered":"Contatto"},"content":{"rendered":"<p>[vc_row rt_row_background_width=&#8221;fullwidth&#8221; rt_row_content_width=&#8221;default&#8221; rt_row_style=&#8221;default-style&#8221; rt_row_borders=&#8221;&#8221; rt_row_shadows=&#8221;&#8221; rt_column_view=&#8221;boxed_columns&#8221; rt_row_paddings=&#8221;true&#8221; rt_bg_effect=&#8221;classic&#8221; rt_bg_image_repeat=&#8221;repeat&#8221; rt_bg_size=&#8221;cover&#8221; rt_bg_position=&#8221;right top&#8221; rt_bg_attachment=&#8221;scroll&#8221; rt_bg_video_format=&#8221;self-hosted&#8221; rt_padding_top=&#8221;0&#8243;][vc_column width=&#8221;1\/2&#8243; rt_column_shadow=&#8221;&#8221; rt_bg_image_repeat=&#8221;repeat&#8221; rt_bg_size=&#8221;auto auto&#8221; rt_bg_attachment=&#8221;scroll&#8221; rt_padding_top=&#8221;20&#8243; rt_padding_bottom=&#8221;20&#8243; rt_padding_left=&#8221;20&#8243; rt_padding_right=&#8221;20&#8243; rt_bg_color=&#8221;&#8221; rt_bg_overlay_color=&#8221;&#8221;]<div class=\"rt_heading_wrapper no-style\">\n\t\t\t\t\t\t<h3 class=\"rt_heading  no-style\" ><span class=\"icon-globe-2 heading_icon\"><\/span>Sede Francoforte H\u00f6chst<\/h3>\n\t\t\t\t\t<\/div>[vc_separator style=&#8221;style-4&#8243; margin_top=&#8221;20&#8243; margin_bottom=&#8221;30&#8243;]\t \n\t\t<div  class=\"with_icons style-3 \">\n\t\t\t \n\t\t<div  >\n\t\t<span class=\"icon-address icon\"><\/span><div class=\"list-content\"><p><strong>consilab<\/strong><br \/>\nGesellschaft f\u00fcr Anlagensicherheit mbH<br \/>\nIndustriepark H\u00f6chst<br \/>\nGeb\u00e4ude G830<br \/>\nBr\u00fcningstra\u00dfe 50<br \/>\n65926 Frankfurt am Main<br \/>\nGermania<\/p>\n<\/div>\n\t\t<\/div>\n\t\t \n\t\t<div  >\n\t\t<span class=\"icon-phone icon\"><\/span><div class=\"list-content\"><p>+49(0)69-305-30012<\/p>\n<\/div>\n\t\t<\/div>\n\t\t \n\t\t<div  >\n\t\t<span class=\"icon-doc-alt icon\"><\/span><div class=\"list-content\"><p>+49(0)69-305-30014<\/p>\n<\/div>\n\t\t<\/div>\n\t\t \n\t\t<div  >\n\t\t<span class=\"icon-mail-1 icon\"><\/span><div class=\"list-content\"><p><a href=\"mailto:kontakt@consilab.de\"> kontakt@consilab.de<\/a><\/p>\n<\/div>\n\t\t<\/div>\n\t\t \n\t\t<div  >\n\t\t<span class=\"icon-comment-empty icon\"><\/span><div class=\"list-content\"><p><a href=\"mailto:Beschwerde@consilab.de\">Beschwerde@consilab.de<\/a><\/p>\n<\/div>\n\t\t<\/div>\n\t\t \n\t\t<div  >\n\t\t<span class=\"icon-lock-1 icon\"><\/span><div class=\"list-content\"><p><a href=\"mailto:Datenschutzbeauftragter@consilab.de\">Datenschutzbeauftragter@consilab.de<\/a><\/p>\n<\/div>\n\t\t<\/div>\n\t\t \n\t\t<div  >\n\t\t<span class=\"icon-map icon\"><\/span><div class=\"list-content\"><p><a href=\"https:\/\/consilab.de\/wp-content\/uploads\/2025\/07\/Wegbeschreibung-FFM-IT.pdf\">Descripci\u00f3n de ruta<\/a><\/p>\n<\/div>\n\t\t<\/div>\n\t\n\t\t<\/div>\n\t[\/vc_column][vc_column width=&#8221;1\/2&#8243; rt_column_shadow=&#8221;&#8221; rt_bg_image_repeat=&#8221;repeat&#8221; rt_bg_size=&#8221;auto auto&#8221; rt_bg_attachment=&#8221;scroll&#8221; rt_padding_top=&#8221;20&#8243; rt_padding_bottom=&#8221;20&#8243; rt_padding_left=&#8221;20&#8243; rt_padding_right=&#8221;20&#8243; rt_bg_color=&#8221;&#8221; rt_bg_overlay_color=&#8221;&#8221;]<div class=\"rt_heading_wrapper no-style\">\n\t\t\t\t\t\t<h3 class=\"rt_heading  no-style\" ><span class=\"icon-globe-2 heading_icon\"><\/span>Sede Leverkusen ChemPark<\/h3>\n\t\t\t\t\t<\/div>[vc_separator style=&#8221;style-4&#8243; margin_top=&#8221;20&#8243; margin_bottom=&#8221;30&#8243;]\t \n\t\t<div  class=\"with_icons style-3 \">\n\t\t\t \n\t\t<div  >\n\t\t<span class=\"icon-address icon\"><\/span><div class=\"list-content\"><p><strong>consilab<\/strong><br \/>\nGesellschaft f\u00fcr Anlagensicherheit mbH<br \/>\nGeb\u00e4ude Q18L,<br \/>\nB\u00fcro 252 (2. OG)<br \/>\nKaiser-Wilhelm-Allee 1<br \/>\n51368 Leverkusen<br \/>\nGermania<\/p>\n<\/div>\n\t\t<\/div>\n\t\t \n\t\t<div  >\n\t\t<span class=\"icon-phone icon\"><\/span><div class=\"list-content\"><p>+49(0)214-2605-56458<\/p>\n<\/div>\n\t\t<\/div>\n\t\t \n\t\t<div  >\n\t\t<span class=\"icon-mail-1 icon\"><\/span><div class=\"list-content\"><p><a href=\"mailto:leverkusen@consilab.de\">leverkusen@consilab.de<\/a><\/p>\n<\/div>\n\t\t<\/div>\n\t\t \n\t\t<div  >\n\t\t<span class=\"icon-comment-empty icon\"><\/span><div class=\"list-content\"><p><a href=\"mailto:Beschwerde@consilab.de\">Beschwerde@consilab.de<\/a><\/p>\n<\/div>\n\t\t<\/div>\n\t\t \n\t\t<div  >\n\t\t<span class=\"icon-lock-1 icon\"><\/span><div class=\"list-content\"><p><a href=\"mailto:Datenschutzbeauftragter@consilab.de\">Datenschutzbeauftragter@consilab.de<\/a><\/p>\n<\/div>\n\t\t<\/div>\n\t\t \n\t\t<div  >\n\t\t<span class=\"icon-map icon\"><\/span><div class=\"list-content\"><p><a href=\"https:\/\/consilab.de\/wp-content\/uploads\/2025\/07\/Wegbeschreibung-LEV-IT.pdf\">Descripci\u00f3n de ruta<\/a><\/p>\n<\/div>\n\t\t<\/div>\n\t\n\t\t<\/div>\n\t[\/vc_column][\/vc_row][vc_row rt_row_background_width=&#8221;fullwidth&#8221; rt_row_content_width=&#8221;default&#8221; rt_row_style=&#8221;default-style&#8221; rt_row_borders=&#8221;&#8221; rt_row_shadows=&#8221;&#8221; rt_row_paddings=&#8221;true&#8221; rt_bg_effect=&#8221;classic&#8221; rt_bg_image_repeat=&#8221;repeat&#8221; rt_bg_size=&#8221;cover&#8221; rt_bg_position=&#8221;right top&#8221; rt_bg_attachment=&#8221;scroll&#8221; rt_bg_video_format=&#8221;self-hosted&#8221;][vc_column rt_column_shadow=&#8221;&#8221; rt_bg_image_repeat=&#8221;repeat&#8221; rt_bg_size=&#8221;auto auto&#8221; rt_bg_attachment=&#8221;scroll&#8221;]<div class=\"rt_heading_wrapper no-style\">\n\t\t\t\t\t\t<h5 class=\"rt_heading  no-style\" ><span class=\"icon-line-mail heading_icon\"><\/span>Modulo di contatto<\/h5>\n\t\t\t\t\t<\/div><div class=\"wpforms-container wpforms-container-full\" id=\"wpforms-13177\"><form id=\"wpforms-form-13177\" class=\"wpforms-validate wpforms-form\" data-formid=\"13177\" method=\"post\" enctype=\"multipart\/form-data\" action=\"\/it\/wp-json\/wp\/v2\/pages\/13384\" data-token=\"64586d25ffef6df35f919e5d64acd328\" data-token-time=\"1776040845\"><noscript class=\"wpforms-error-noscript\">Abilita JavaScript nel browser per completare questo modulo.<\/noscript><div class=\"wpforms-field-container\"><div id=\"wpforms-13177-field_5-container\" class=\"wpforms-field wpforms-field-text\" data-field-id=\"5\"><label class=\"wpforms-field-label wpforms-label-hide\" for=\"wpforms-13177-field_5\">\u2022\tNombre y apellidos<\/label><input type=\"text\" id=\"wpforms-13177-field_5\" class=\"wpforms-field-large\" name=\"wpforms[fields][5]\" placeholder=\"Nombre y apellidos\" ><\/div><div id=\"wpforms-13177-field_1-container\" class=\"wpforms-field wpforms-field-email\" data-field-id=\"1\"><label class=\"wpforms-field-label wpforms-label-hide\" for=\"wpforms-13177-field_1\">E-Mail <span class=\"wpforms-required-label\">*<\/span><\/label><input type=\"email\" id=\"wpforms-13177-field_1\" class=\"wpforms-field-large wpforms-field-required\" name=\"wpforms[fields][1]\" placeholder=\"*E-Mail\" spellcheck=\"false\" required><\/div><div id=\"wpforms-13177-field_4-container\" class=\"wpforms-field wpforms-field-text\" data-field-id=\"4\"><label class=\"wpforms-field-label wpforms-label-hide\" for=\"wpforms-13177-field_4\">Empresa<\/label><input type=\"text\" id=\"wpforms-13177-field_4\" class=\"wpforms-field-large\" name=\"wpforms[fields][4]\" placeholder=\"Empresa\" ><\/div><div id=\"wpforms-13177-field_11-container\" class=\"wpforms-field wpforms-field-phone\" data-field-id=\"11\"><label class=\"wpforms-field-label wpforms-label-hide\" for=\"wpforms-13177-field_11\">Tel\u00e9fono<\/label><input type=\"tel\" id=\"wpforms-13177-field_11\" class=\"wpforms-field-large wpforms-smart-phone-field\" data-rule-smart-phone-field=\"true\" name=\"wpforms[fields][11]\" placeholder=\"Tel\u00e9fono\" aria-label=\"Tel\u00e9fono\" ><\/div><div id=\"wpforms-13177-field_2-container\" class=\"wpforms-field wpforms-field-textarea\" data-field-id=\"2\"><label class=\"wpforms-field-label wpforms-label-hide\" for=\"wpforms-13177-field_2\">Mensaje <span class=\"wpforms-required-label\">*<\/span><\/label><textarea id=\"wpforms-13177-field_2\" class=\"wpforms-field-medium wpforms-field-required\" name=\"wpforms[fields][2]\" placeholder=\"*Mensaje\" required><\/textarea><\/div><div id=\"wpforms-13177-field_16-container\" class=\"wpforms-field wpforms-field-html\" data-field-id=\"16\"><div id=\"wpforms-13177-field_16\"><p>Este formulario recopila y procesa su direcci\u00f3n de correo electr\u00f3nico, en caso de una introducci\u00f3n facultativa tambi\u00e9n sus nombres y su empresa. Con el uso del presente formulario consiente al almacenamiento y procesamiento de sus datos a trav\u00e9s de este sitio web. Para m\u00e1s informaci\u00f3n y avisos relativos a la revocaci\u00f3n consulte la declaraci\u00f3n de privacidad.<\/p><\/div><\/div><div id=\"wpforms-13177-field_15-container\" class=\"wpforms-field wpforms-field-html recaptcha-notice\" data-field-id=\"15\"><div id=\"wpforms-13177-field_15\">Este formulario utiliza preguntas de seguridad para evitar ataques de spam.\r\n<\/div><\/div><div id=\"wpforms-13177-field_17-container\" class=\"wpforms-field wpforms-field-captcha\" data-field-id=\"17\"><label class=\"wpforms-field-label\" for=\"wpforms-13177-field_17\">Protecci\u00f3n anti-spam * <span class=\"wpforms-required-label\">*<\/span><\/label><p id=\"wpforms-13177-field_17-question\" class=\"wpforms-captcha-question\">\u00bfCu\u00e1l es la quinta letra del alfabeto?<\/p>\n\t\t<input type=\"text\" id=\"wpforms-13177-field_17\" class=\"wpforms-field-medium wpforms-field-required a\" data-rule-wpf-captcha=\"qa\" data-is-wrapped-field=\"1\" data-a=\"E\" name=\"wpforms[fields][17][a]\" aria-describedby=\"wpforms-13177-field_17-question\" required>\n\t\t<input type=\"hidden\" name=\"wpforms[fields][17][q]\" value=\"3\">\n\n\t\t<\/div><\/div><!-- .wpforms-field-container --><div class=\"wpforms-submit-container\" ><input type=\"hidden\" name=\"wpforms[id]\" value=\"13177\"><input type=\"hidden\" name=\"page_title\" value=\"\"><input type=\"hidden\" name=\"page_url\" value=\"https:\/\/consilab.de\/it\/wp-json\/wp\/v2\/pages\/13384\"><input type=\"hidden\" name=\"url_referer\" value=\"\"><button type=\"submit\" name=\"wpforms[submit]\" id=\"wpforms-submit-13177\" class=\"wpforms-submit\" data-alt-text=\"Enviar\u2026\" data-submit-text=\"Enviar\" aria-live=\"assertive\" value=\"wpforms-submit\">Enviar<\/button><\/div><\/form><\/div>  <!-- .wpforms-container -->[\/vc_column][\/vc_row]<\/p>\n","protected":false},"excerpt":{"rendered":"<p>[vc_row rt_row_background_width=&#8221;fullwidth&#8221; rt_row_content_width=&#8221;default&#8221; rt_row_style=&#8221;default-style&#8221; rt_row_borders=&#8221;&#8221; rt_row_shadows=&#8221;&#8221; rt_column_view=&#8221;boxed_columns&#8221; rt_row_paddings=&#8221;true&#8221; rt_bg_effect=&#8221;classic&#8221; rt_bg_image_repeat=&#8221;repeat&#8221; rt_bg_size=&#8221;cover&#8221; rt_bg_position=&#8221;right top&#8221; rt_bg_attachment=&#8221;scroll&#8221; rt_bg_video_format=&#8221;self-hosted&#8221; rt_padding_top=&#8221;0&#8243;][vc_column width=&#8221;1\/2&#8243; rt_column_shadow=&#8221;&#8221; rt_bg_image_repeat=&#8221;repeat&#8221; rt_bg_size=&#8221;auto auto&#8221; rt_bg_attachment=&#8221;scroll&#8221; rt_padding_top=&#8221;20&#8243; rt_padding_bottom=&#8221;20&#8243; rt_padding_left=&#8221;20&#8243; rt_padding_right=&#8221;20&#8243; rt_bg_color=&#8221;&#8221; rt_bg_overlay_color=&#8221;&#8221;][vc_separator style=&#8221;style-4&#8243; margin_top=&#8221;20&#8243; margin_bottom=&#8221;30&#8243;][\/vc_column][vc_column width=&#8221;1\/2&#8243; rt_column_shadow=&#8221;&#8221; rt_bg_image_repeat=&#8221;repeat&#8221; rt_bg_size=&#8221;auto auto&#8221; rt_bg_attachment=&#8221;scroll&#8221; rt_padding_top=&#8221;20&#8243; rt_padding_bottom=&#8221;20&#8243; rt_padding_left=&#8221;20&#8243; rt_padding_right=&#8221;20&#8243; rt_bg_color=&#8221;&#8221; rt_bg_overlay_color=&#8221;&#8221;][vc_separator style=&#8221;style-4&#8243; margin_top=&#8221;20&#8243; margin_bottom=&#8221;30&#8243;][\/vc_column][\/vc_row][vc_row rt_row_background_width=&#8221;fullwidth&#8221; rt_row_content_width=&#8221;default&#8221; rt_row_style=&#8221;default-style&#8221; rt_row_borders=&#8221;&#8221; rt_row_shadows=&#8221;&#8221; rt_row_paddings=&#8221;true&#8221; rt_bg_effect=&#8221;classic&#8221; rt_bg_image_repeat=&#8221;repeat&#8221; rt_bg_size=&#8221;cover&#8221;  &#8230;<br \/><a class=\"more-link\" href=\"https:\/\/consilab.de\/it\/kontakt\/\">more | mehr<\/a><\/p>\n","protected":false},"author":1,"featured_media":0,"parent":0,"menu_order":6,"comment_status":"closed","ping_status":"closed","template":"","meta":{"footnotes":""},"class_list":["post-13384","page","type-page","status-publish","hentry"],"_links":{"self":[{"href":"https:\/\/consilab.de\/it\/wp-json\/wp\/v2\/pages\/13384","targetHints":{"allow":["GET"]}}],"collection":[{"href":"https:\/\/consilab.de\/it\/wp-json\/wp\/v2\/pages"}],"about":[{"href":"https:\/\/consilab.de\/it\/wp-json\/wp\/v2\/types\/page"}],"author":[{"embeddable":true,"href":"https:\/\/consilab.de\/it\/wp-json\/wp\/v2\/users\/1"}],"replies":[{"embeddable":true,"href":"https:\/\/consilab.de\/it\/wp-json\/wp\/v2\/comments?post=13384"}],"version-history":[{"count":7,"href":"https:\/\/consilab.de\/it\/wp-json\/wp\/v2\/pages\/13384\/revisions"}],"predecessor-version":[{"id":14819,"href":"https:\/\/consilab.de\/it\/wp-json\/wp\/v2\/pages\/13384\/revisions\/14819"}],"wp:attachment":[{"href":"https:\/\/consilab.de\/it\/wp-json\/wp\/v2\/media?parent=13384"}],"curies":[{"name":"wp","href":"https:\/\/api.w.org\/{rel}","templated":true}]}}