{"id":13802,"date":"2018-07-03T16:04:00","date_gmt":"2018-07-03T14:04:00","guid":{"rendered":"https:\/\/consilab.de\/leistungen\/sicherheitstechnische-berechnungen\/auslegung-von-rueckhaltesystemen\/"},"modified":"2025-05-14T13:40:11","modified_gmt":"2025-05-14T11:40:11","slug":"auslegung-von-rueckhaltesystemen","status":"publish","type":"page","link":"https:\/\/consilab.de\/it\/leistungen\/sicherheitstechnische-berechnungen\/auslegung-von-rueckhaltesystemen\/","title":{"rendered":"Progettazione dei sistemi di ritenuta"},"content":{"rendered":"<p>[vc_row rt_row_background_width=&#8221;fullwidth&#8221; rt_row_content_width=&#8221;default&#8221; rt_row_style=&#8221;default-style&#8221; rt_row_borders=&#8221;&#8221; rt_row_shadows=&#8221;&#8221; rt_row_paddings=&#8221;false&#8221; rt_bg_effect=&#8221;classic&#8221; rt_bg_image_repeat=&#8221;repeat&#8221; rt_bg_size=&#8221;cover&#8221; rt_bg_position=&#8221;right top&#8221; rt_bg_attachment=&#8221;scroll&#8221; rt_bg_video_format=&#8221;self-hosted&#8221;][vc_column width=&#8221;1\/3&#8243; rt_column_shadow=&#8221;&#8221; rt_bg_image_repeat=&#8221;repeat&#8221; rt_bg_size=&#8221;auto auto&#8221; rt_bg_attachment=&#8221;scroll&#8221; class=&#8221;download&#8221; rt_bg_color=&#8221;&#8221; rt_bg_overlay_color=&#8221;&#8221; offset=&#8221;vc_hidden-sm vc_hidden-xs&#8221; css=&#8221;.vc_custom_1532422938316{padding-bottom: 0px !important;}&#8221; rt_padding_bottom=&#8221;0&#8243;][vc_widget_sidebar sidebar_id=&#8221;rt-theme-20-common-sidebar&#8221;][\/vc_column][vc_column width=&#8221;2\/3&#8243; rt_column_shadow=&#8221;&#8221; rt_bg_image_repeat=&#8221;repeat&#8221; rt_bg_size=&#8221;auto auto&#8221; rt_bg_attachment=&#8221;scroll&#8221; class=&#8221;maincontent&#8221; rt_bg_color=&#8221;&#8221; rt_bg_overlay_color=&#8221;&#8221; css=&#8221;.vc_custom_1532422945269{margin-bottom: 1em !important;padding-bottom: 0px !important;}&#8221;][vc_column_text css=&#8221;&#8221; el_class=&#8221;redborderleft&#8221;]<\/p>\n<h1>Progettazione dei sistemi di ritenuta<\/h1>\n<h2 style=\"font-weight: 400;\">Nella maggior parte dei casi, i flussi di materiali che fuoriescono quando una valvola di sicurezza o un disco di rottura si azionano, non possono essere semplicemente emessi nell&#8217;ambiente, soprattutto se contengono liquidi esplosivi, tossici o potenzialmente dannosi per l&#8217;ambiente.<\/h2>\n<p>\u00c8 quindi necessario prevedere una ritenzione e\/o trattare di conseguenza i flussi di materiali, per contenerli e depurarli, al fine di ridurre il potenziale di rischio a un livello tale da consentirne l&#8217;immissione nell&#8217;ambiente.<\/p>\n<p>In molti impianti \u00e8 presente un sistema di raccolta con contenitori a scarico libero o protetti da una pressione inferiore, in cui pu\u00f2 essere raccolta la fase liquida. \u00c8 importante che il contenitore di raccolta sia posizionato il pi\u00f9 in basso possibile rispetto agli apparecchi in cui convergono i tubi di scarico. Se una tubazione che trasporta un liquido viene posata verso l&#8217;alto, questa pu\u00f2 riempirsi completamente e, a causa della differenza di altezza geodetica, si genera una pressione idrostatica che agisce come pressione aggiuntiva sull&#8217;apparecchiatura protetta nei sistemi di scarico con dischi di rottura. Nei sistemi di scarico con valvola di sicurezza, in determinate circostanze questa pressione idrostatica pu\u00f2 causare addirittura la chiusura anticipata della valvola di sicurezza con una pressione di intervento pi\u00f9 elevata al momento della riapertura e comunque impedire il funzionamento stabile della valvola di sicurezza.<\/p>\n<p>Nel caso in cui si verifichi un flusso bifase attraverso un disco di rottura o una valvola di sicurezza, \u00e8 necessario utilizzare un separatore in grado di separare le fasi. La forma pi\u00f9 semplice \u00e8 il separatore a gravit\u00e0, che richiede tuttavia grandi volumi per una separazione efficace. Per portate volumetriche pi\u00f9 elevate, pu\u00f2 essere utilizzato un separatore a ciclone con ingresso tangenziale, in cui le fasi sono separate dalla forza di gravit\u00e0 e dalla forza centrifuga. Le singole fasi possono quindi essere sottoposte separatamente a un ulteriore trattamento, ad esempio un sistema di lavaggio, una torcia di emergenza, un serbatoio di raccolta (\u201cserbatoio di raccolta di emergenza\u201d) o un SAFEBAG\u00ae.<\/p>\n<p>La fase gassosa pu\u00f2 essere precedentemente condensata, assorbita o neutralizzata, ad esempio in un condensatore diretto con diffusore a fori, utilizzando un fluido appropriato. Nella progettazione \u00e8 necessario prestare attenzione al volume, al numero e alle dimensioni dei fori, alla copertura minima, ma anche alla contropressione che ne deriva. Quando si utilizzano ugelli a getto per la condensazione diretta, possono essere sufficienti volumi pi\u00f9 piccoli e quantit\u00e0 minori di liquido.<\/p>\n<p>I nostri esperti sono lieti di supportarvi nella progettazione, realizzazione e ottimizzazione di un sistema di contenimento adattato alle esigenze specifiche del vostro impianto. Saremo inoltre lieti di calcolare per il vostro caso specifico il volume di raccolta necessario e le dimensioni ottimali di un ciclone o di un diffusore a fori.[\/vc_column_text][vc_row_inner rt_row_style=&#8221;global-style&#8221; rt_bg_custom_alignment=&#8221;top&#8221;][vc_column_inner width=&#8221;1\/2&#8243; rt_column_shadow=&#8221;&#8221; rt_bg_image_repeat=&#8221;repeat&#8221; rt_bg_size=&#8221;auto auto&#8221; rt_bg_attachment=&#8221;scroll&#8221; css=&#8221;.vc_custom_1531836503299{margin-bottom: 2em !important;}&#8221; rt_bg_color=&#8221;&#8221; rt_bg_overlay_color=&#8221;&#8221;][vc_btn title=&#8221;Calcoli tecnici sulla sicurezza &#8221; style=&#8221;classic&#8221; color=&#8221;purple&#8221; i_icon_fontawesome=&#8221;fas fa-angle-left&#8221; css=&#8221;&#8221; add_icon=&#8221;true&#8221; link=&#8221;url:%2Fit%2Fleistungen%2Fsicherheitstechnische-berechnungen%2F|title:Calcoli%20tecnici%20sulla%20sicurezza%20&#8243; el_class=&#8221;btn&#8211;red&#8221;][\/vc_column_inner][vc_column_inner width=&#8221;1\/2&#8243; rt_column_shadow=&#8221;&#8221; rt_bg_image_repeat=&#8221;repeat&#8221; rt_bg_size=&#8221;auto auto&#8221; rt_bg_attachment=&#8221;scroll&#8221; css=&#8221;.vc_custom_1531836507450{margin-bottom: 2em !important;}&#8221; rt_bg_color=&#8221;&#8221; rt_bg_overlay_color=&#8221;&#8221;][vc_btn title=&#8221;Prestazioni &#8221; style=&#8221;classic&#8221; color=&#8221;purple&#8221; i_icon_fontawesome=&#8221;fas fa-angle-left&#8221; css=&#8221;&#8221; add_icon=&#8221;true&#8221; link=&#8221;url:%2Fit%2Fleistungen%2F|title:Prestazioni%20&#8243; el_class=&#8221;btn&#8211;red&#8221;][\/vc_column_inner][\/vc_row_inner][\/vc_column][\/vc_row]<\/p>\n","protected":false},"excerpt":{"rendered":"<p>[vc_row rt_row_background_width=&#8221;fullwidth&#8221; rt_row_content_width=&#8221;default&#8221; rt_row_style=&#8221;default-style&#8221; rt_row_borders=&#8221;&#8221; rt_row_shadows=&#8221;&#8221; rt_row_paddings=&#8221;false&#8221; rt_bg_effect=&#8221;classic&#8221; rt_bg_image_repeat=&#8221;repeat&#8221; rt_bg_size=&#8221;cover&#8221; rt_bg_position=&#8221;right top&#8221; rt_bg_attachment=&#8221;scroll&#8221; rt_bg_video_format=&#8221;self-hosted&#8221;][vc_column width=&#8221;1\/3&#8243; rt_column_shadow=&#8221;&#8221; rt_bg_image_repeat=&#8221;repeat&#8221; rt_bg_size=&#8221;auto auto&#8221; rt_bg_attachment=&#8221;scroll&#8221; class=&#8221;download&#8221; rt_bg_color=&#8221;&#8221; rt_bg_overlay_color=&#8221;&#8221; offset=&#8221;vc_hidden-sm vc_hidden-xs&#8221; css=&#8221;.vc_custom_1532422938316{padding-bottom: 0px !important;}&#8221; rt_padding_bottom=&#8221;0&#8243;][vc_widget_sidebar sidebar_id=&#8221;rt-theme-20-common-sidebar&#8221;][\/vc_column][vc_column width=&#8221;2\/3&#8243; rt_column_shadow=&#8221;&#8221; rt_bg_image_repeat=&#8221;repeat&#8221; rt_bg_size=&#8221;auto auto&#8221; rt_bg_attachment=&#8221;scroll&#8221; class=&#8221;maincontent&#8221; rt_bg_color=&#8221;&#8221; rt_bg_overlay_color=&#8221;&#8221; css=&#8221;.vc_custom_1532422945269{margin-bottom: 1em !important;padding-bottom: 0px !important;}&#8221;][vc_column_text css=&#8221;&#8221; el_class=&#8221;redborderleft&#8221;] Progettazione dei sistemi di ritenuta Nella maggior parte dei  &#8230;<br \/><a class=\"more-link\" href=\"https:\/\/consilab.de\/it\/leistungen\/sicherheitstechnische-berechnungen\/auslegung-von-rueckhaltesystemen\/\">more | mehr<\/a><\/p>\n","protected":false},"author":1,"featured_media":0,"parent":13740,"menu_order":3,"comment_status":"closed","ping_status":"closed","template":"","meta":{"footnotes":""},"class_list":["post-13802","page","type-page","status-publish","hentry"],"_links":{"self":[{"href":"https:\/\/consilab.de\/it\/wp-json\/wp\/v2\/pages\/13802","targetHints":{"allow":["GET"]}}],"collection":[{"href":"https:\/\/consilab.de\/it\/wp-json\/wp\/v2\/pages"}],"about":[{"href":"https:\/\/consilab.de\/it\/wp-json\/wp\/v2\/types\/page"}],"author":[{"embeddable":true,"href":"https:\/\/consilab.de\/it\/wp-json\/wp\/v2\/users\/1"}],"replies":[{"embeddable":true,"href":"https:\/\/consilab.de\/it\/wp-json\/wp\/v2\/comments?post=13802"}],"version-history":[{"count":2,"href":"https:\/\/consilab.de\/it\/wp-json\/wp\/v2\/pages\/13802\/revisions"}],"predecessor-version":[{"id":13807,"href":"https:\/\/consilab.de\/it\/wp-json\/wp\/v2\/pages\/13802\/revisions\/13807"}],"up":[{"embeddable":true,"href":"https:\/\/consilab.de\/it\/wp-json\/wp\/v2\/pages\/13740"}],"wp:attachment":[{"href":"https:\/\/consilab.de\/it\/wp-json\/wp\/v2\/media?parent=13802"}],"curies":[{"name":"wp","href":"https:\/\/api.w.org\/{rel}","templated":true}]}}