{"id":13814,"date":"2018-07-03T15:59:17","date_gmt":"2018-07-03T13:59:17","guid":{"rendered":"https:\/\/consilab.de\/leistungen\/sicherheitstechnische-berechnungen\/analyse-von-druckaufbauszenarien\/"},"modified":"2025-05-14T13:51:49","modified_gmt":"2025-05-14T11:51:49","slug":"analyse-von-druckaufbauszenarien","status":"publish","type":"page","link":"https:\/\/consilab.de\/it\/leistungen\/sicherheitstechnische-berechnungen\/analyse-von-druckaufbauszenarien\/","title":{"rendered":"Analisi di scenari con aumento di pressione"},"content":{"rendered":"<p>[vc_row rt_row_background_width=&#8221;fullwidth&#8221; rt_row_content_width=&#8221;default&#8221; rt_row_style=&#8221;default-style&#8221; rt_row_borders=&#8221;&#8221; rt_row_shadows=&#8221;&#8221; rt_row_paddings=&#8221;false&#8221; rt_bg_effect=&#8221;classic&#8221; rt_bg_image_repeat=&#8221;repeat&#8221; rt_bg_size=&#8221;cover&#8221; rt_bg_position=&#8221;right top&#8221; rt_bg_attachment=&#8221;scroll&#8221; rt_bg_video_format=&#8221;self-hosted&#8221;][vc_column width=&#8221;1\/3&#8243; rt_column_shadow=&#8221;&#8221; rt_bg_image_repeat=&#8221;repeat&#8221; rt_bg_size=&#8221;auto auto&#8221; rt_bg_attachment=&#8221;scroll&#8221; class=&#8221;download&#8221; rt_bg_color=&#8221;&#8221; rt_bg_overlay_color=&#8221;&#8221; offset=&#8221;vc_hidden-sm vc_hidden-xs&#8221; css=&#8221;.vc_custom_1532422368869{padding-bottom: 0px !important;}&#8221; rt_padding_bottom=&#8221;0&#8243;][vc_widget_sidebar sidebar_id=&#8221;rt-theme-20-common-sidebar&#8221;][\/vc_column][vc_column width=&#8221;2\/3&#8243; rt_column_shadow=&#8221;&#8221; rt_bg_image_repeat=&#8221;repeat&#8221; rt_bg_size=&#8221;auto auto&#8221; rt_bg_attachment=&#8221;scroll&#8221; class=&#8221;maincontent&#8221; rt_bg_color=&#8221;&#8221; rt_bg_overlay_color=&#8221;&#8221; css=&#8221;.vc_custom_1532422378613{margin-bottom: 1em !important;padding-bottom: 0px !important;}&#8221;][vc_column_text css=&#8221;&#8221; el_class=&#8221;redborderleft&#8221;]<\/p>\n<h1>Analisi di scenari con aumento di pressione<\/h1>\n<h2 class=\"bodytext\">\u00c8 sempre necessario impedire che la pressione di un apparato superi il limite massimo consentito.<\/h2>\n<p>Anche gli apparati che non rientrano nella direttiva sui dispositivi a pressione, poich\u00e9 operano con una pressione inferiore a 0,5 bar, devono essere comunque protetti per prevenire il superamento di tale valore e garantire l&#8217;integrit\u00e0 dell&#8217;apparecchio.<\/p>\n<p>Idealmente, l&#8217;analisi degli scenari con aumento di pressione dovrebbe coinvolgere un team formato da un chimico esperto in fluidi e reazioni, un operatore con una conoscenza approfondita dell&#8217;impianto specifico e un esperto di sicurezza. Partendo dalla descrizione del processo e dal diagramma di flusso P&amp;ID, \u00e8 opportuno esaminare tutte le possibili deviazioni dal normale funzionamento, valutandone l&#8217;eventuale impatto su pressione, temperatura o alterazione della reazione.<\/p>\n<p>L\u2019aumento di pressione pu\u00f2 avere cause meccaniche, termiche e chimiche.<\/p>\n<p>Le cause meccaniche di un aumento non consentito della pressione sono, ad esempio, il guasto di un regolatore di portata, una pompa impostata in modo errato o anche il problema dell\u2019onda d\u2019urto finale. Da queste cause meccaniche si deducono casi di progettazione come l&#8217;ingresso di gas o di liquido da un livello di pressione pi\u00f9 elevato.<\/p>\n<p>Una causa termica pu\u00f2 essere, ad esempio, il guasto del regolatore del vapore del sistema di riscaldamento, che comporta il riscaldamento massimo attraverso l&#8217;involucro del serbatoio. Un&#8217;altra possibile causa \u00e8 l&#8217;irraggiamento solare, che pu\u00f2 riscaldare il contenuto del serbatoio, in particolare nei serbatoi di stoccaggio collocati all&#8217;aperto. Anche l&#8217;eventualit\u00e0 di un incendio (nota anche come &#8220;scenario di incendio&#8221; secondo ISO 23251 o API 520\/ 521) \u00e8 una causa termica di un aumento di pressione non consentito. L&#8217;aumento della pressione negli apparecchi \u00e8 dovuto all\u2019incremento della pressione del vapore o all&#8217;espansione termica del liquido bloccato.<\/p>\n<p>Le cause chimiche di un aumento della pressione nel serbatoio sono spesso deviazioni dal normale funzionamento durante una reazione, come un errato dosaggio, vie di scarico bloccate o un guasto del sistema di raffreddamento che possono portare a una reazione incontrollata (runaway). Si distingue tra reazioni che producono gas e reazioni esotermiche. Nei sistemi di produzione di gas, la pressione \u00e8 generata principalmente dallo sviluppo del gas ed \u00e8 per lo pi\u00f9 indipendente dalla temperatura. Nelle reazioni esotermiche, la pressione \u00e8 generata, di regola, dall&#8217;aumento della pressione del vapore dovuto al rapido incremento della temperatura nel sistema a reazione. Nel caso dei sistemi ibridi, l&#8217;aumento della pressione deriva sia dalla produzione di gas che dall&#8217;incremento della pressione del vapore dovuto all&#8217;esotermia.<\/p>\n<p>Saremo lieti di aiutarvi a trovare tutti gli scenari interpretativi possibili e ad identificare i casi critici.<\/p>\n<p>&nbsp;<\/p>\n<p>[\/vc_column_text][vc_row_inner rt_row_style=&#8221;global-style&#8221; rt_bg_custom_alignment=&#8221;top&#8221;][vc_column_inner width=&#8221;1\/2&#8243; rt_column_shadow=&#8221;&#8221; rt_bg_image_repeat=&#8221;repeat&#8221; rt_bg_size=&#8221;auto auto&#8221; rt_bg_attachment=&#8221;scroll&#8221; css=&#8221;.vc_custom_1531834622813{margin-bottom: 2em !important;}&#8221; rt_bg_color=&#8221;&#8221; rt_bg_overlay_color=&#8221;&#8221;][vc_btn title=&#8221;Calcoli tecnici sulla sicurezza&#8221; style=&#8221;classic&#8221; color=&#8221;purple&#8221; i_icon_fontawesome=&#8221;fas fa-angle-left&#8221; css=&#8221;&#8221; add_icon=&#8221;true&#8221; link=&#8221;url:%2Fit%2Fleistungen%2Fsicherheitstechnische-berechnungen%2F|title:Calcoli%20tecnici%20sulla%20sicurezza&#8221; el_class=&#8221;btn&#8211;red&#8221;][\/vc_column_inner][vc_column_inner width=&#8221;1\/2&#8243; rt_column_shadow=&#8221;&#8221; rt_bg_image_repeat=&#8221;repeat&#8221; rt_bg_size=&#8221;auto auto&#8221; rt_bg_attachment=&#8221;scroll&#8221; css=&#8221;.vc_custom_1531834618463{margin-bottom: 2em !important;}&#8221; rt_bg_color=&#8221;&#8221; rt_bg_overlay_color=&#8221;&#8221;][vc_btn title=&#8221;Prestazioni&#8221; style=&#8221;classic&#8221; color=&#8221;purple&#8221; i_icon_fontawesome=&#8221;fas fa-angle-left&#8221; css=&#8221;&#8221; add_icon=&#8221;true&#8221; link=&#8221;url:%2Fit%2Fleistungen%2F|title:Prestazioni&#8221; el_class=&#8221;btn&#8211;red&#8221;][\/vc_column_inner][\/vc_row_inner][\/vc_column][\/vc_row]<\/p>\n","protected":false},"excerpt":{"rendered":"<p>[vc_row rt_row_background_width=&#8221;fullwidth&#8221; rt_row_content_width=&#8221;default&#8221; rt_row_style=&#8221;default-style&#8221; rt_row_borders=&#8221;&#8221; rt_row_shadows=&#8221;&#8221; rt_row_paddings=&#8221;false&#8221; rt_bg_effect=&#8221;classic&#8221; rt_bg_image_repeat=&#8221;repeat&#8221; rt_bg_size=&#8221;cover&#8221; rt_bg_position=&#8221;right top&#8221; rt_bg_attachment=&#8221;scroll&#8221; rt_bg_video_format=&#8221;self-hosted&#8221;][vc_column width=&#8221;1\/3&#8243; rt_column_shadow=&#8221;&#8221; rt_bg_image_repeat=&#8221;repeat&#8221; rt_bg_size=&#8221;auto auto&#8221; rt_bg_attachment=&#8221;scroll&#8221; class=&#8221;download&#8221; rt_bg_color=&#8221;&#8221; rt_bg_overlay_color=&#8221;&#8221; offset=&#8221;vc_hidden-sm vc_hidden-xs&#8221; css=&#8221;.vc_custom_1532422368869{padding-bottom: 0px !important;}&#8221; rt_padding_bottom=&#8221;0&#8243;][vc_widget_sidebar sidebar_id=&#8221;rt-theme-20-common-sidebar&#8221;][\/vc_column][vc_column width=&#8221;2\/3&#8243; rt_column_shadow=&#8221;&#8221; rt_bg_image_repeat=&#8221;repeat&#8221; rt_bg_size=&#8221;auto auto&#8221; rt_bg_attachment=&#8221;scroll&#8221; class=&#8221;maincontent&#8221; rt_bg_color=&#8221;&#8221; rt_bg_overlay_color=&#8221;&#8221; css=&#8221;.vc_custom_1532422378613{margin-bottom: 1em !important;padding-bottom: 0px !important;}&#8221;][vc_column_text css=&#8221;&#8221; el_class=&#8221;redborderleft&#8221;] Analisi di scenari con aumento di pressione \u00c8 sempre  &#8230;<br \/><a class=\"more-link\" href=\"https:\/\/consilab.de\/it\/leistungen\/sicherheitstechnische-berechnungen\/analyse-von-druckaufbauszenarien\/\">more | mehr<\/a><\/p>\n","protected":false},"author":1,"featured_media":0,"parent":13740,"menu_order":1,"comment_status":"closed","ping_status":"closed","template":"","meta":{"footnotes":""},"class_list":["post-13814","page","type-page","status-publish","hentry"],"_links":{"self":[{"href":"https:\/\/consilab.de\/it\/wp-json\/wp\/v2\/pages\/13814","targetHints":{"allow":["GET"]}}],"collection":[{"href":"https:\/\/consilab.de\/it\/wp-json\/wp\/v2\/pages"}],"about":[{"href":"https:\/\/consilab.de\/it\/wp-json\/wp\/v2\/types\/page"}],"author":[{"embeddable":true,"href":"https:\/\/consilab.de\/it\/wp-json\/wp\/v2\/users\/1"}],"replies":[{"embeddable":true,"href":"https:\/\/consilab.de\/it\/wp-json\/wp\/v2\/comments?post=13814"}],"version-history":[{"count":2,"href":"https:\/\/consilab.de\/it\/wp-json\/wp\/v2\/pages\/13814\/revisions"}],"predecessor-version":[{"id":13817,"href":"https:\/\/consilab.de\/it\/wp-json\/wp\/v2\/pages\/13814\/revisions\/13817"}],"up":[{"embeddable":true,"href":"https:\/\/consilab.de\/it\/wp-json\/wp\/v2\/pages\/13740"}],"wp:attachment":[{"href":"https:\/\/consilab.de\/it\/wp-json\/wp\/v2\/media?parent=13814"}],"curies":[{"name":"wp","href":"https:\/\/api.w.org\/{rel}","templated":true}]}}