{"id":13874,"date":"2021-05-31T11:13:34","date_gmt":"2021-05-31T09:13:34","guid":{"rendered":"https:\/\/consilab.de\/leistungen\/klassifizierung-von-stoffen\/brandfoerdernde-eigenschaften-von-feststoffen-un-test-o-3\/"},"modified":"2025-05-14T14:32:40","modified_gmt":"2025-05-14T12:32:40","slug":"brandfoerdernde-eigenschaften-von-feststoffen-un-test-o-3","status":"publish","type":"page","link":"https:\/\/consilab.de\/it\/leistungen\/klassifizierung-von-stoffen\/brandfoerdernde-eigenschaften-von-feststoffen-un-test-o-3\/","title":{"rendered":"Propriet\u00e0 comburenti dei solidi: ONU test O.3"},"content":{"rendered":"<p>[vc_row rt_row_background_width=&#8221;fullwidth&#8221; rt_row_content_width=&#8221;default&#8221; rt_row_style=&#8221;default-style&#8221; rt_row_borders=&#8221;&#8221; rt_row_shadows=&#8221;&#8221; rt_row_paddings=&#8221;true&#8221; rt_bg_effect=&#8221;classic&#8221; rt_bg_image_repeat=&#8221;repeat&#8221; rt_bg_size=&#8221;cover&#8221; rt_bg_position=&#8221;right top&#8221; rt_bg_attachment=&#8221;scroll&#8221; rt_bg_video_format=&#8221;self-hosted&#8221;][vc_column width=&#8221;1\/3&#8243; rt_column_shadow=&#8221;&#8221; rt_bg_image_repeat=&#8221;repeat&#8221; rt_bg_size=&#8221;auto auto&#8221; rt_bg_attachment=&#8221;scroll&#8221; class=&#8221;download&#8221; rt_bg_color=&#8221;&#8221; rt_bg_overlay_color=&#8221;&#8221; offset=&#8221;vc_hidden-sm vc_hidden-xs&#8221; css=&#8221;.vc_custom_1529335398592{padding-bottom: 0px !important;}&#8221; rt_padding_bottom=&#8221;0&#8243;][vc_widget_sidebar sidebar_id=&#8221;rt-theme-20-common-sidebar&#8221;][\/vc_column][vc_column width=&#8221;2\/3&#8243; rt_column_shadow=&#8221;&#8221; rt_bg_image_repeat=&#8221;repeat&#8221; rt_bg_size=&#8221;auto auto&#8221; rt_bg_attachment=&#8221;scroll&#8221; class=&#8221;maincontent&#8221; rt_bg_color=&#8221;&#8221; rt_bg_overlay_color=&#8221;&#8221; css=&#8221;.vc_custom_1531993670525{padding-bottom: 2em !important;}&#8221;][vc_column_text css=&#8221;&#8221; el_class=&#8221;redborderleft&#8221;]<\/p>\n<h1>Propriet\u00e0 comburenti dei solidi: ONU test O.3<\/h1>\n<h2 class=\"bodytext\">Le sostanze comburenti\/ossidanti sono sostanze o miscele solide che, pur non essendo necessariamente piroforiche, in generale possono provocare o favorire un incendio di altri materiali mediante la cessione di ossigeno.<\/h2>\n<p>Questo test serve a determinare le propriet\u00e0 comburenti di solidi e preparati solidi, come criterio per valutare gli aspetti tecnici di sicurezza e per la classificazione in classi di pericolo e gruppi di imballaggi nel quadro delle regolamentazioni pertinenti, in particolare secondo il Manuale ONU delle prove e dei criteri (UN Manual of Tests and Criteria), parte III, capitolo 34: Oxidizing Substances of Class 5, Division 5.1, Test O.3<\/p>\n<p>L&#8217;oggetto di prova e una sostanza piroforica definita vengono mescolati in differenti rapporti di peso. Ogni miscela viene dunque modellata a forma di cono, che viene poi acceso. La velocit\u00e0 di combustione determinata \u00e8 paragonata con la velocit\u00e0 di combustione delle diverse miscele di riferimento.<\/p>\n<p>La velocit\u00e0 media di combustione di oggetto di prova \/ miscele di cellulosa (4:1 e 1:1) viene confrontata con quella del perossido di calcio \/ cellulosa (rispettivamente la media su 5 prove). Se la velocit\u00e0 media di combustione di una delle miscele da sottoporre a prova \u00e8 uguale o superiore alla velocit\u00e0 media di combustione della miscela di riferimento perossido di calcio \/ cellulosa (1:2), l&#8217;oggetto di prova deve essere classificato comburente.<\/p>\n<p>Classificazione dell&#8217;oggetto di prova in gruppi di imballaggio secondo il Diritto ONU sui trasporti e le categorie secondo il Regolamento GHS<\/p>\n<ul>\n<li><u>Gruppo di imballaggio I \/ Categoria 1:<\/u> la velocit\u00e0 media di combustione di una delle miscele oggetto di prova \u00e8 maggiore di quella della miscela di perossido di calcio \/ cellulosa 3:1.<\/li>\n<li><u>Gruppo di imballaggio II \/ Categoria 2:<\/u> la velocit\u00e0 media di combustione di una delle miscele oggetto di prova \u00e8 uguale o maggiore di quella della miscela di perossido di calcio \/ cellulosa 1:1. Non soddisfa i criteri del gruppo di imballaggio I \/ categoria 1.<\/li>\n<li><u>Gruppo di imballaggio III \/ Categoria 3:<\/u> la velocit\u00e0 media di combustione di una o delle miscele oggetto di prova \u00e8 uguale o maggiore di quella della miscela di perossido di calcio \/ cellulosa 1:2. Non soddisfa i criteri del gruppo di imballaggio I e II o della categoria 1 e 2.<\/li>\n<li><u>Non classificato secondo 5.1 \/ non comburente:<\/u> la velocit\u00e0 media di combustione \u00e8 inferiore a quella della miscela di perossido di calcio \/ cellulosa 1:2 oppure la miscela non si infiamma.<\/li>\n<\/ul>\n<p>&nbsp;<\/p>\n<div id=\"attachment_10605\" style=\"width: 740px\" class=\"wp-caption aligncenter\"><img loading=\"lazy\" decoding=\"async\" aria-describedby=\"caption-attachment-10605\" class=\"size-large wp-image-10605\" src=\"https:\/\/consilab.de\/wp-content\/uploads\/2021\/05\/un-test-o3-versuchsanordnung-730x1024.png\" alt=\"\" width=\"730\" height=\"1024\" srcset=\"https:\/\/consilab.de\/wp-content\/uploads\/2021\/05\/un-test-o3-versuchsanordnung-730x1024.png 730w, https:\/\/consilab.de\/wp-content\/uploads\/2021\/05\/un-test-o3-versuchsanordnung-250x350.png 250w, https:\/\/consilab.de\/wp-content\/uploads\/2021\/05\/un-test-o3-versuchsanordnung-768x1077.png 768w, https:\/\/consilab.de\/wp-content\/uploads\/2021\/05\/un-test-o3-versuchsanordnung.png 995w\" sizes=\"auto, (max-width: 730px) 100vw, 730px\" \/><p id=\"caption-attachment-10605\" class=\"wp-caption-text\">Illustrazione della struttura della prova per il test ONU O.3 (manuale ONU, pagina 398)<\/p><\/div>\n<div id=\"attachment_10608\" style=\"width: 762px\" class=\"wp-caption aligncenter\"><img loading=\"lazy\" decoding=\"async\" aria-describedby=\"caption-attachment-10608\" class=\"size-large wp-image-10608\" src=\"https:\/\/consilab.de\/wp-content\/uploads\/2021\/05\/un-test-o3-versuchsanordnung-2-752x1024.png\" alt=\"UN Test O.3 Versuchsanordnung\" width=\"752\" height=\"1024\" srcset=\"https:\/\/consilab.de\/wp-content\/uploads\/2021\/05\/un-test-o3-versuchsanordnung-2-752x1024.png 752w, https:\/\/consilab.de\/wp-content\/uploads\/2021\/05\/un-test-o3-versuchsanordnung-2-257x350.png 257w, https:\/\/consilab.de\/wp-content\/uploads\/2021\/05\/un-test-o3-versuchsanordnung-2-768x1045.png 768w, https:\/\/consilab.de\/wp-content\/uploads\/2021\/05\/un-test-o3-versuchsanordnung-2.png 995w\" sizes=\"auto, (max-width: 752px) 100vw, 752px\" \/><p id=\"caption-attachment-10608\" class=\"wp-caption-text\">Illustrazione della struttura della prova per il test ONU O.3 (manuale ONU, pagina 399)<\/p><\/div>\n<p>[\/vc_column_text][vc_row_inner rt_row_style=&#8221;global-style&#8221; rt_bg_custom_alignment=&#8221;top&#8221;][vc_column_inner width=&#8221;1\/2&#8243; rt_column_shadow=&#8221;&#8221; rt_bg_image_repeat=&#8221;repeat&#8221; rt_bg_size=&#8221;auto auto&#8221; rt_bg_attachment=&#8221;scroll&#8221;][vc_btn title=&#8221;Classificazione delle sostanze&#8221; style=&#8221;classic&#8221; color=&#8221;purple&#8221; i_icon_fontawesome=&#8221;fas fa-angle-left&#8221; css=&#8221;&#8221; add_icon=&#8221;true&#8221; link=&#8221;url:%2Fit%2Fleistungen%2Fklassifizierung-von-stoffen%2F|title:Classificazione%20delle%20sostanze&#8221; el_class=&#8221;btn&#8211;red&#8221;][\/vc_column_inner][vc_column_inner width=&#8221;1\/2&#8243; rt_column_shadow=&#8221;&#8221; rt_bg_image_repeat=&#8221;repeat&#8221; rt_bg_size=&#8221;auto auto&#8221; rt_bg_attachment=&#8221;scroll&#8221;][vc_btn title=&#8221;Prestazioni&#8221; style=&#8221;classic&#8221; color=&#8221;purple&#8221; i_icon_fontawesome=&#8221;fas fa-angle-left&#8221; css=&#8221;&#8221; add_icon=&#8221;true&#8221; link=&#8221;url:%2Fit%2Fleistungen%2F|title:Prestazioni&#8221; el_class=&#8221;btn&#8211;red&#8221;][\/vc_column_inner][\/vc_row_inner][\/vc_column][\/vc_row]<\/p>\n","protected":false},"excerpt":{"rendered":"<p>[vc_row rt_row_background_width=&#8221;fullwidth&#8221; rt_row_content_width=&#8221;default&#8221; rt_row_style=&#8221;default-style&#8221; rt_row_borders=&#8221;&#8221; rt_row_shadows=&#8221;&#8221; rt_row_paddings=&#8221;true&#8221; rt_bg_effect=&#8221;classic&#8221; rt_bg_image_repeat=&#8221;repeat&#8221; rt_bg_size=&#8221;cover&#8221; rt_bg_position=&#8221;right top&#8221; rt_bg_attachment=&#8221;scroll&#8221; rt_bg_video_format=&#8221;self-hosted&#8221;][vc_column width=&#8221;1\/3&#8243; rt_column_shadow=&#8221;&#8221; rt_bg_image_repeat=&#8221;repeat&#8221; rt_bg_size=&#8221;auto auto&#8221; rt_bg_attachment=&#8221;scroll&#8221; class=&#8221;download&#8221; rt_bg_color=&#8221;&#8221; rt_bg_overlay_color=&#8221;&#8221; offset=&#8221;vc_hidden-sm vc_hidden-xs&#8221; css=&#8221;.vc_custom_1529335398592{padding-bottom: 0px !important;}&#8221; rt_padding_bottom=&#8221;0&#8243;][vc_widget_sidebar sidebar_id=&#8221;rt-theme-20-common-sidebar&#8221;][\/vc_column][vc_column width=&#8221;2\/3&#8243; rt_column_shadow=&#8221;&#8221; rt_bg_image_repeat=&#8221;repeat&#8221; rt_bg_size=&#8221;auto auto&#8221; rt_bg_attachment=&#8221;scroll&#8221; class=&#8221;maincontent&#8221; rt_bg_color=&#8221;&#8221; rt_bg_overlay_color=&#8221;&#8221; css=&#8221;.vc_custom_1531993670525{padding-bottom: 2em !important;}&#8221;][vc_column_text css=&#8221;&#8221; el_class=&#8221;redborderleft&#8221;] Propriet\u00e0 comburenti dei solidi: ONU test O.3 Le sostanze comburenti\/ossidanti sono  &#8230;<br \/><a class=\"more-link\" href=\"https:\/\/consilab.de\/it\/leistungen\/klassifizierung-von-stoffen\/brandfoerdernde-eigenschaften-von-feststoffen-un-test-o-3\/\">more | mehr<\/a><\/p>\n","protected":false},"author":2,"featured_media":0,"parent":13713,"menu_order":5,"comment_status":"closed","ping_status":"closed","template":"","meta":{"footnotes":""},"class_list":["post-13874","page","type-page","status-publish","hentry"],"_links":{"self":[{"href":"https:\/\/consilab.de\/it\/wp-json\/wp\/v2\/pages\/13874","targetHints":{"allow":["GET"]}}],"collection":[{"href":"https:\/\/consilab.de\/it\/wp-json\/wp\/v2\/pages"}],"about":[{"href":"https:\/\/consilab.de\/it\/wp-json\/wp\/v2\/types\/page"}],"author":[{"embeddable":true,"href":"https:\/\/consilab.de\/it\/wp-json\/wp\/v2\/users\/2"}],"replies":[{"embeddable":true,"href":"https:\/\/consilab.de\/it\/wp-json\/wp\/v2\/comments?post=13874"}],"version-history":[{"count":2,"href":"https:\/\/consilab.de\/it\/wp-json\/wp\/v2\/pages\/13874\/revisions"}],"predecessor-version":[{"id":13882,"href":"https:\/\/consilab.de\/it\/wp-json\/wp\/v2\/pages\/13874\/revisions\/13882"}],"up":[{"embeddable":true,"href":"https:\/\/consilab.de\/it\/wp-json\/wp\/v2\/pages\/13713"}],"wp:attachment":[{"href":"https:\/\/consilab.de\/it\/wp-json\/wp\/v2\/media?parent=13874"}],"curies":[{"name":"wp","href":"https:\/\/api.w.org\/{rel}","templated":true}]}}