{"id":14224,"date":"2021-02-22T11:06:57","date_gmt":"2021-02-22T10:06:57","guid":{"rendered":"https:\/\/consilab.de\/leistungen\/kenndaten-von-stoffen\/hot-disc-methode-bestimmung-der-waermeleitfaehigkeit-und-kapazitaet\/"},"modified":"2025-05-14T21:01:27","modified_gmt":"2025-05-14T19:01:27","slug":"hot-disc-methode-bestimmung-der-waermeleitfaehigkeit-und-kapazitaet","status":"publish","type":"page","link":"https:\/\/consilab.de\/it\/leistungen\/kenndaten-von-stoffen\/hot-disc-methode-bestimmung-der-waermeleitfaehigkeit-und-kapazitaet\/","title":{"rendered":"Metodologia Hot Disc (determinazione della conduttivit\u00e0 termica e della capacit\u00e0 termica)"},"content":{"rendered":"<p>[vc_row rt_row_background_width=&#8221;fullwidth&#8221; rt_row_content_width=&#8221;default&#8221; rt_row_style=&#8221;default-style&#8221; rt_row_borders=&#8221;&#8221; rt_row_shadows=&#8221;&#8221; rt_row_paddings=&#8221;false&#8221; rt_bg_effect=&#8221;classic&#8221; rt_bg_image_repeat=&#8221;repeat&#8221; rt_bg_size=&#8221;cover&#8221; rt_bg_position=&#8221;right top&#8221; rt_bg_attachment=&#8221;scroll&#8221; rt_bg_video_format=&#8221;self-hosted&#8221;][vc_column width=&#8221;1\/3&#8243; rt_column_shadow=&#8221;&#8221; rt_bg_image_repeat=&#8221;repeat&#8221; rt_bg_size=&#8221;auto auto&#8221; rt_bg_attachment=&#8221;scroll&#8221; class=&#8221;download&#8221; rt_bg_color=&#8221;&#8221; rt_bg_overlay_color=&#8221;&#8221; offset=&#8221;vc_hidden-sm vc_hidden-xs&#8221; css=&#8221;.vc_custom_1532422018913{padding-bottom: 0px !important;}&#8221; rt_padding_bottom=&#8221;0&#8243;][vc_widget_sidebar sidebar_id=&#8221;rt-theme-20-common-sidebar&#8221;][\/vc_column][vc_column width=&#8221;2\/3&#8243; rt_column_shadow=&#8221;&#8221; rt_bg_image_repeat=&#8221;repeat&#8221; rt_bg_size=&#8221;auto auto&#8221; rt_bg_attachment=&#8221;scroll&#8221; class=&#8221;maincontent&#8221; rt_bg_color=&#8221;&#8221; rt_bg_overlay_color=&#8221;&#8221; css=&#8221;.vc_custom_1532422014773{padding-bottom: 2em !important;}&#8221;][vc_column_text css=&#8221;&#8221; el_class=&#8221;redborderleft&#8221;]<\/p>\n<h1>Metodologia Hot Disc (determinazione della conduttivit\u00e0 termica e della capacit\u00e0 termica)<\/h1>\n<p>Le caratteristiche termofisiche delle sostanze costituiscono la base per calcoli e modelli e sono indispensabili per determinare ulteriori dati rilevanti dal punto di vista della sicurezza, come ad esempio la produzione di calore o una quantit\u00e0 specifica di calore da temperature misurate. Un metodo per individuare alcuni di questi dati termofisici \u00e8 il metodo <em>Transient Plane Source<\/em> (Hot Disc) secondo la norma ISO 22007-2.<\/p>\n<p>Con l&#8217;ausilio di una tale misurazione a disco caldo, \u00e8 possibile rilevare da una serie di misurazioni la conduttivit\u00e0 termica <em>\u03bb<\/em>, la diffusivit\u00e0 termica <em>a<\/em> e la capacit\u00e0 termica specifica per unit\u00e0 di volume <em>s<\/em>. La capacit\u00e0 termica specifica per unit\u00e0 di volume \u00e8 convertita in capacit\u00e0 termica specifica <em>c<sub>p<\/sub><\/em> mediante la densit\u00e0 apparente precedentemente determinata.<\/p>\n<p>Per effettuare una misurazione, l&#8217;oggetto di prova viene posto in una forma speciale con volumi variabili e la massa del campione viene determinata per calcolare la densit\u00e0 apparente del campione con il volume corrispondente. Infine, il sensore hot disk viene inserito orizzontalmente e centralmente nel campione riempito. Il sensore funge da un lato da fonte di calore e dall\u2019altro da sensore dinamico della temperatura. Con un&#8217;energia di riscaldamento elettrica (mW) predeterminata e una durata della misurazione definita (s), il sensore immette al centro del campione una quantit\u00e0 di energia definita e contemporaneamente misura la variazione di temperatura dell&#8217;oggetto di prova.<\/p>\n<p>I dati individuati, come la capacit\u00e0 termica, possono essere utilizzati ad esempio per l&#8217;analisi di un esperimento adiabatico in un cestello metallico o per la valutazione di un esperimento di scambio termico per compressione adiabatica. La conoscenza della capacit\u00e0 termica esatta di un campione consente anche di determinare parametri di sicurezza pi\u00f9 precisi.<\/p>\n<p>Il parametro della diffusivit\u00e0 termica <em>a<\/em> offre un&#8217;ulteriore applicazione particolare; essa pu\u00f2 essere utilizzata insieme ai parametri cinetici determinati (approccio di Arrhenius, cinetica di ordine 0) da un esperimento di scambio termico per compressione adiabatica, per calcolare, applicando la teoria dell&#8217;esplosione termica secondo Frank-Kamenetskii, i valori della SADT (<em>self accelarating decomposition temperature<\/em>) in funzione di diverse dimensioni dei contenitori.<\/p>\n<p>[1]<sup> \u00a0\u00a0\u00a0\u00a0\u00a0<\/sup>ISO 22007-2 (2015-08-01): Plastics \u2013 Determination of thermal conductivity and thermal diffusivity, Part 2: Transient plane heat source (hot disc) method<br \/>\n[2] Kotoyori, Takashi: <em>Diffusion and Heat Transfer in Chemical Kinetics<\/em>. 1<sup>st<\/sup><br \/>\nEdition. Elsevier Science, <strong>2005<br \/>\n<\/strong>[3] Frank-Kamenetskii, David A. ; Appleton, John P. (Hrsg.): <em>Diffusion and<br \/>\nHeat Transfer in Chemical Kinetics<\/em>. 2nd Enlarged and Revised Edition. Plenum Press, <strong>1969<\/strong><\/p>\n<p>[\/vc_column_text][vc_row_inner rt_row_style=&#8221;global-style&#8221; rt_bg_custom_alignment=&#8221;top&#8221;][vc_column_inner width=&#8221;1\/2&#8243; rt_column_shadow=&#8221;&#8221; rt_bg_image_repeat=&#8221;repeat&#8221; rt_bg_size=&#8221;auto auto&#8221; rt_bg_attachment=&#8221;scroll&#8221;][vc_btn title=&#8221;Caratteristiche delle sostanze&#8221; style=&#8221;classic&#8221; color=&#8221;purple&#8221; i_icon_fontawesome=&#8221;fas fa-angle-left&#8221; css=&#8221;&#8221; add_icon=&#8221;true&#8221; link=&#8221;url:%2Fit%2Fleistungen%2Fkenndaten-von-stoffen%2F|title:Caratteristiche%20delle%20sostanze&#8221; el_class=&#8221;btn&#8211;red&#8221;][\/vc_column_inner][vc_column_inner width=&#8221;1\/2&#8243; rt_column_shadow=&#8221;&#8221; rt_bg_image_repeat=&#8221;repeat&#8221; rt_bg_size=&#8221;auto auto&#8221; rt_bg_attachment=&#8221;scroll&#8221;][vc_btn title=&#8221;Prestazioni&#8221; style=&#8221;classic&#8221; color=&#8221;purple&#8221; i_icon_fontawesome=&#8221;fas fa-angle-left&#8221; css=&#8221;&#8221; add_icon=&#8221;true&#8221; link=&#8221;url:%2Fit%2Fleistungen%2F|title:Prestazioni&#8221; el_class=&#8221;btn&#8211;red&#8221;][\/vc_column_inner][\/vc_row_inner][\/vc_column][\/vc_row]<\/p>\n","protected":false},"excerpt":{"rendered":"<p>[vc_row rt_row_background_width=&#8221;fullwidth&#8221; rt_row_content_width=&#8221;default&#8221; rt_row_style=&#8221;default-style&#8221; rt_row_borders=&#8221;&#8221; rt_row_shadows=&#8221;&#8221; rt_row_paddings=&#8221;false&#8221; rt_bg_effect=&#8221;classic&#8221; rt_bg_image_repeat=&#8221;repeat&#8221; rt_bg_size=&#8221;cover&#8221; rt_bg_position=&#8221;right top&#8221; rt_bg_attachment=&#8221;scroll&#8221; rt_bg_video_format=&#8221;self-hosted&#8221;][vc_column width=&#8221;1\/3&#8243; rt_column_shadow=&#8221;&#8221; rt_bg_image_repeat=&#8221;repeat&#8221; rt_bg_size=&#8221;auto auto&#8221; rt_bg_attachment=&#8221;scroll&#8221; class=&#8221;download&#8221; rt_bg_color=&#8221;&#8221; rt_bg_overlay_color=&#8221;&#8221; offset=&#8221;vc_hidden-sm vc_hidden-xs&#8221; css=&#8221;.vc_custom_1532422018913{padding-bottom: 0px !important;}&#8221; rt_padding_bottom=&#8221;0&#8243;][vc_widget_sidebar sidebar_id=&#8221;rt-theme-20-common-sidebar&#8221;][\/vc_column][vc_column width=&#8221;2\/3&#8243; rt_column_shadow=&#8221;&#8221; rt_bg_image_repeat=&#8221;repeat&#8221; rt_bg_size=&#8221;auto auto&#8221; rt_bg_attachment=&#8221;scroll&#8221; class=&#8221;maincontent&#8221; rt_bg_color=&#8221;&#8221; rt_bg_overlay_color=&#8221;&#8221; css=&#8221;.vc_custom_1532422014773{padding-bottom: 2em !important;}&#8221;][vc_column_text css=&#8221;&#8221; el_class=&#8221;redborderleft&#8221;] Metodologia Hot Disc (determinazione della conduttivit\u00e0 termica e della capacit\u00e0 termica)  &#8230;<br \/><a class=\"more-link\" href=\"https:\/\/consilab.de\/it\/leistungen\/kenndaten-von-stoffen\/hot-disc-methode-bestimmung-der-waermeleitfaehigkeit-und-kapazitaet\/\">more | mehr<\/a><\/p>\n","protected":false},"author":2,"featured_media":0,"parent":13693,"menu_order":10,"comment_status":"closed","ping_status":"closed","template":"","meta":{"footnotes":""},"class_list":["post-14224","page","type-page","status-publish","hentry"],"_links":{"self":[{"href":"https:\/\/consilab.de\/it\/wp-json\/wp\/v2\/pages\/14224","targetHints":{"allow":["GET"]}}],"collection":[{"href":"https:\/\/consilab.de\/it\/wp-json\/wp\/v2\/pages"}],"about":[{"href":"https:\/\/consilab.de\/it\/wp-json\/wp\/v2\/types\/page"}],"author":[{"embeddable":true,"href":"https:\/\/consilab.de\/it\/wp-json\/wp\/v2\/users\/2"}],"replies":[{"embeddable":true,"href":"https:\/\/consilab.de\/it\/wp-json\/wp\/v2\/comments?post=14224"}],"version-history":[{"count":3,"href":"https:\/\/consilab.de\/it\/wp-json\/wp\/v2\/pages\/14224\/revisions"}],"predecessor-version":[{"id":14228,"href":"https:\/\/consilab.de\/it\/wp-json\/wp\/v2\/pages\/14224\/revisions\/14228"}],"up":[{"embeddable":true,"href":"https:\/\/consilab.de\/it\/wp-json\/wp\/v2\/pages\/13693"}],"wp:attachment":[{"href":"https:\/\/consilab.de\/it\/wp-json\/wp\/v2\/media?parent=14224"}],"curies":[{"name":"wp","href":"https:\/\/api.w.org\/{rel}","templated":true}]}}