{"id":14231,"date":"2020-09-15T11:00:49","date_gmt":"2020-09-15T09:00:49","guid":{"rendered":"https:\/\/consilab.de\/leistungen\/kenndaten-von-stoffen\/ladungstransfermessung\/"},"modified":"2025-05-14T21:12:59","modified_gmt":"2025-05-14T19:12:59","slug":"ladungstransfermessung","status":"publish","type":"page","link":"https:\/\/consilab.de\/it\/leistungen\/kenndaten-von-stoffen\/ladungstransfermessung\/","title":{"rendered":"Misurazione del trasferimento di carica"},"content":{"rendered":"<p>[vc_row rt_row_background_width=&#8221;fullwidth&#8221; rt_row_content_width=&#8221;default&#8221; rt_row_style=&#8221;default-style&#8221; rt_row_borders=&#8221;&#8221; rt_row_shadows=&#8221;&#8221; rt_row_paddings=&#8221;false&#8221; rt_bg_effect=&#8221;classic&#8221; rt_bg_image_repeat=&#8221;repeat&#8221; rt_bg_size=&#8221;cover&#8221; rt_bg_position=&#8221;right top&#8221; rt_bg_attachment=&#8221;scroll&#8221; rt_bg_video_format=&#8221;self-hosted&#8221;][vc_column width=&#8221;1\/3&#8243; rt_column_shadow=&#8221;&#8221; rt_bg_image_repeat=&#8221;repeat&#8221; rt_bg_size=&#8221;auto auto&#8221; rt_bg_attachment=&#8221;scroll&#8221; class=&#8221;download&#8221; rt_bg_color=&#8221;&#8221; rt_bg_overlay_color=&#8221;&#8221; offset=&#8221;vc_hidden-sm vc_hidden-xs&#8221; css=&#8221;.vc_custom_1532422018913{padding-bottom: 0px !important;}&#8221; rt_padding_bottom=&#8221;0&#8243;][vc_widget_sidebar sidebar_id=&#8221;rt-theme-20-common-sidebar&#8221;][\/vc_column][vc_column width=&#8221;2\/3&#8243; rt_column_shadow=&#8221;&#8221; rt_bg_image_repeat=&#8221;repeat&#8221; rt_bg_size=&#8221;auto auto&#8221; rt_bg_attachment=&#8221;scroll&#8221; class=&#8221;maincontent&#8221; rt_bg_color=&#8221;&#8221; rt_bg_overlay_color=&#8221;&#8221; css=&#8221;.vc_custom_1532422014773{padding-bottom: 2em !important;}&#8221;][vc_column_text css=&#8221;&#8221; el_class=&#8221;redborderleft&#8221;]<\/p>\n<h1>Misurazione del trasferimento di carica<\/h1>\n<h2>Gli oggetti realizzati con materiali isolanti possono caricarsi elettrostaticamente, se sottoposti a frizione oppure in seguito a processi operativi, come per esempio lo svuotamento o il riempimento di una tanica. Ci\u00f2 pu\u00f2 causare scariche a spazzola o scariche a spazzola propagante.<\/h2>\n<p>Gli oggetti o impianti isolanti possono essere utilizzati nella zona 0, zona 1 o zona 2 a rischio di esplosione solo se si evitano cariche pericolose. (TRGS 727, Capitolo 3.2)<\/p>\n<p>Oltre alla limitazione dell&#8217;area di tali oggetti isolanti, si pu\u00f2 anche dimostrare che l&#8217;oggetto isolante non pu\u00f2 essere caricato in modo pericoloso oppure che non si presenta una scarica elettrostatica critica. Questa dimostrazione pu\u00f2 essere fornita, per esempio sperimentalmente, determinando il trasferimento di carica.<\/p>\n<p>La misurazione del trasferimento di carica viene eseguita in conformit\u00e0 alla norma DIN EN 60079-32-2 &#8211; Metodo di prova del rischio elettrostatico.<\/p>\n<p><img loading=\"lazy\" decoding=\"async\" class=\"alignnone size-full wp-image-8734\" src=\"https:\/\/consilab.de\/wp-content\/uploads\/2020\/09\/ladungstransfermessung-SWF0092.jpg\" alt=\"\" width=\"705\" height=\"471\" srcset=\"https:\/\/consilab.de\/wp-content\/uploads\/2020\/09\/ladungstransfermessung-SWF0092.jpg 705w, https:\/\/consilab.de\/wp-content\/uploads\/2020\/09\/ladungstransfermessung-SWF0092-350x234.jpg 350w\" sizes=\"auto, (max-width: 705px) 100vw, 705px\" \/><\/p>\n<p>Per stabilire la carica trasferibile, l&#8217;oggetto isolante viene collocato su una piastra metallica con messa a terra. L&#8217;oggetto viene quindi caricato in modo mirato sia con un elettrodo ad ago sia con un elettrodo fachiro (elettrodo a pi\u00f9 aghi), ad esempio con 40 kV e 60 kV (durata della carica 15 &#8211; 60 secondi).<\/p>\n<p>Per la carica viene utilizzato un generatore ad alta tensione HS 70kV (negativo). Si verifica quindi quale carica pu\u00f2 essere prelevata dall&#8217;oggetto caricato. La carica trasferibile viene misurata con un coulombmetro manuale HMG 11\/02 (campo di misura: 5\u00a0\u2013\u00a0200\u00a0nC). Per tener conto della precisione (ripetibilit\u00e0 e comparabilit\u00e0) del metodo di misurazione, devono essere effettuate almeno 10 prove singole. Il risultato con il pi\u00f9 elevato trasferimento di carica \u00e8 utilizzato per la classificazione o la valutazione dell&#8217;oggetto della prova.<\/p>\n<p>Conformemente alla norma TRGS 727, la carica massima trasferita da un oggetto nelle zone 1 e 2 non deve superare i seguenti valori:<\/p>\n<ol>\n<li>per il gruppo di esplosione IIA: 60 nC,<\/li>\n<li>per il gruppo di esplosione IIB: 25 nC,<\/li>\n<li>per il gruppo di esplosione IIC: 10 nC.<\/li>\n<\/ol>\n<p>Nella zona 0 non devono essere superati i seguenti valori:<\/p>\n<ol>\n<li>per il gruppo di esplosione IIA: 25 nC,<\/li>\n<li>per il gruppo di esplosione IIB: 10 nC,<\/li>\n<li>per il gruppo di esplosione IIC: Non devono essere rilevabili scariche.<\/li>\n<\/ol>\n<p>[\/vc_column_text][vc_row_inner rt_row_style=&#8221;global-style&#8221; rt_bg_custom_alignment=&#8221;top&#8221;][vc_column_inner width=&#8221;1\/2&#8243; rt_column_shadow=&#8221;&#8221; rt_bg_image_repeat=&#8221;repeat&#8221; rt_bg_size=&#8221;auto auto&#8221; rt_bg_attachment=&#8221;scroll&#8221;][vc_btn title=&#8221;Caratteristiche delle sostanze&#8221; style=&#8221;classic&#8221; color=&#8221;purple&#8221; i_icon_fontawesome=&#8221;fas fa-angle-left&#8221; css=&#8221;&#8221; add_icon=&#8221;true&#8221; link=&#8221;url:%2Fit%2Fleistungen%2Fkenndaten-von-stoffen%2F|title:Caratteristiche%20delle%20sostanze%20&#8243; el_class=&#8221;btn&#8211;red&#8221;][\/vc_column_inner][vc_column_inner width=&#8221;1\/2&#8243; rt_column_shadow=&#8221;&#8221; rt_bg_image_repeat=&#8221;repeat&#8221; rt_bg_size=&#8221;auto auto&#8221; rt_bg_attachment=&#8221;scroll&#8221;][vc_btn title=&#8221;Prestazioni&#8221; style=&#8221;classic&#8221; color=&#8221;purple&#8221; i_icon_fontawesome=&#8221;fas fa-angle-left&#8221; css=&#8221;&#8221; add_icon=&#8221;true&#8221; link=&#8221;url:%2Fit%2Fleistungen%2F|title:Prestazioni%20&#8243; el_class=&#8221;btn&#8211;red&#8221;][\/vc_column_inner][\/vc_row_inner][\/vc_column][\/vc_row]<\/p>\n","protected":false},"excerpt":{"rendered":"<p>[vc_row rt_row_background_width=&#8221;fullwidth&#8221; rt_row_content_width=&#8221;default&#8221; rt_row_style=&#8221;default-style&#8221; rt_row_borders=&#8221;&#8221; rt_row_shadows=&#8221;&#8221; rt_row_paddings=&#8221;false&#8221; rt_bg_effect=&#8221;classic&#8221; rt_bg_image_repeat=&#8221;repeat&#8221; rt_bg_size=&#8221;cover&#8221; rt_bg_position=&#8221;right top&#8221; rt_bg_attachment=&#8221;scroll&#8221; rt_bg_video_format=&#8221;self-hosted&#8221;][vc_column width=&#8221;1\/3&#8243; rt_column_shadow=&#8221;&#8221; rt_bg_image_repeat=&#8221;repeat&#8221; rt_bg_size=&#8221;auto auto&#8221; rt_bg_attachment=&#8221;scroll&#8221; class=&#8221;download&#8221; rt_bg_color=&#8221;&#8221; rt_bg_overlay_color=&#8221;&#8221; offset=&#8221;vc_hidden-sm vc_hidden-xs&#8221; css=&#8221;.vc_custom_1532422018913{padding-bottom: 0px !important;}&#8221; rt_padding_bottom=&#8221;0&#8243;][vc_widget_sidebar sidebar_id=&#8221;rt-theme-20-common-sidebar&#8221;][\/vc_column][vc_column width=&#8221;2\/3&#8243; rt_column_shadow=&#8221;&#8221; rt_bg_image_repeat=&#8221;repeat&#8221; rt_bg_size=&#8221;auto auto&#8221; rt_bg_attachment=&#8221;scroll&#8221; class=&#8221;maincontent&#8221; rt_bg_color=&#8221;&#8221; rt_bg_overlay_color=&#8221;&#8221; css=&#8221;.vc_custom_1532422014773{padding-bottom: 2em !important;}&#8221;][vc_column_text css=&#8221;&#8221; el_class=&#8221;redborderleft&#8221;] Misurazione del trasferimento di carica Gli oggetti realizzati con materiali isolanti  &#8230;<br \/><a class=\"more-link\" href=\"https:\/\/consilab.de\/it\/leistungen\/kenndaten-von-stoffen\/ladungstransfermessung\/\">more | mehr<\/a><\/p>\n","protected":false},"author":1,"featured_media":0,"parent":13693,"menu_order":8,"comment_status":"closed","ping_status":"closed","template":"","meta":{"footnotes":""},"class_list":["post-14231","page","type-page","status-publish","hentry"],"_links":{"self":[{"href":"https:\/\/consilab.de\/it\/wp-json\/wp\/v2\/pages\/14231","targetHints":{"allow":["GET"]}}],"collection":[{"href":"https:\/\/consilab.de\/it\/wp-json\/wp\/v2\/pages"}],"about":[{"href":"https:\/\/consilab.de\/it\/wp-json\/wp\/v2\/types\/page"}],"author":[{"embeddable":true,"href":"https:\/\/consilab.de\/it\/wp-json\/wp\/v2\/users\/1"}],"replies":[{"embeddable":true,"href":"https:\/\/consilab.de\/it\/wp-json\/wp\/v2\/comments?post=14231"}],"version-history":[{"count":2,"href":"https:\/\/consilab.de\/it\/wp-json\/wp\/v2\/pages\/14231\/revisions"}],"predecessor-version":[{"id":14238,"href":"https:\/\/consilab.de\/it\/wp-json\/wp\/v2\/pages\/14231\/revisions\/14238"}],"up":[{"embeddable":true,"href":"https:\/\/consilab.de\/it\/wp-json\/wp\/v2\/pages\/13693"}],"wp:attachment":[{"href":"https:\/\/consilab.de\/it\/wp-json\/wp\/v2\/media?parent=14231"}],"curies":[{"name":"wp","href":"https:\/\/api.w.org\/{rel}","templated":true}]}}